{"id":100,"date":"2024-09-26T15:55:20","date_gmt":"2024-09-26T18:55:20","guid":{"rendered":"https:\/\/mensagensperdidas.com\/?page_id=100"},"modified":"2026-02-16T16:24:00","modified_gmt":"2026-02-16T19:24:00","slug":"sobre-mim","status":"publish","type":"page","link":"https:\/\/mensagensperdidas.com\/index.php\/sobre-mim\/","title":{"rendered":"Sobre"},"content":{"rendered":"\n<figure class=\"wp-block-image aligncenter size-full is-resized\"><img fetchpriority=\"high\" decoding=\"async\" width=\"1080\" height=\"1350\" src=\"https:\/\/mensagensperdidas.com\/wp-content\/uploads\/2026\/02\/Mensagens-Perdidas.jpg\" alt=\"\" class=\"wp-image-1032\" style=\"width:234px;height:auto\" srcset=\"https:\/\/mensagensperdidas.com\/wp-content\/uploads\/2026\/02\/Mensagens-Perdidas.jpg 1080w, https:\/\/mensagensperdidas.com\/wp-content\/uploads\/2026\/02\/Mensagens-Perdidas-240x300.jpg 240w, https:\/\/mensagensperdidas.com\/wp-content\/uploads\/2026\/02\/Mensagens-Perdidas-819x1024.jpg 819w, https:\/\/mensagensperdidas.com\/wp-content\/uploads\/2026\/02\/Mensagens-Perdidas-768x960.jpg 768w\" sizes=\"(max-width: 1080px) 100vw, 1080px\" \/><\/figure>\n\n\n\n<p><\/p>\n\n\n\n<p class=\"has-medium-font-size\">Toda mensagem lan\u00e7ada ao mar chegar\u00e1 em algum lugar. Todo conto ou hist\u00f3ria dita ao ar encontrar\u00e1 um ouvido para se abrigar.<\/p>\n\n\n\n<p class=\"has-medium-font-size\">As hist\u00f3rias, mensagens e outras coisas aqui escritas s\u00e3o lan\u00e7adas na imensid\u00e3o da rede. Em algum momento elas chegar\u00e3o em algum lugar. E quando chegar, espero que sejam satisfat\u00f3rias para quem ler.<\/p>\n\n\n\n<p><\/p>\n","protected":false},"excerpt":{"rendered":"<p>Toda mensagem lan\u00e7ada ao mar chegar\u00e1 em algum lugar. Todo conto ou hist\u00f3ria dita ao ar encontrar\u00e1 um ouvido para se abrigar. As hist\u00f3rias, mensagens e outras coisas aqui escritas s\u00e3o lan\u00e7adas na imensid\u00e3o da rede. Em algum momento elas chegar\u00e3o em algum lugar. E quando chegar, espero que sejam satisfat\u00f3rias para quem ler.<\/p>\n","protected":false},"author":1,"featured_media":0,"parent":0,"menu_order":0,"comment_status":"closed","ping_status":"closed","template":"","meta":{"site-sidebar-layout":"default","site-content-layout":"","ast-site-content-layout":"default","site-content-style":"default","site-sidebar-style":"default","ast-global-header-display":"","ast-banner-title-visibility":"","ast-main-header-display":"","ast-hfb-above-header-display":"","ast-hfb-below-header-display":"","ast-hfb-mobile-header-display":"","site-post-title":"","ast-breadcrumbs-content":"","ast-featured-img":"","footer-sml-layout":"","ast-disable-related-posts":"","theme-transparent-header-meta":"","adv-header-id-meta":"","stick-header-meta":"","header-above-stick-meta":"","header-main-stick-meta":"","header-below-stick-meta":"","astra-migrate-meta-layouts":"default","ast-page-background-enabled":"default","ast-page-background-meta":{"desktop":{"background-color":"var(--ast-global-color-4)","background-image":"","background-repeat":"repeat","background-position":"center center","background-size":"auto","background-attachment":"scroll","background-type":"","background-media":"","overlay-type":"","overlay-color":"","overlay-opacity":"","overlay-gradient":""},"tablet":{"background-color":"","background-image":"","background-repeat":"repeat","background-position":"center center","background-size":"auto","background-attachment":"scroll","background-type":"","background-media":"","overlay-type":"","overlay-color":"","overlay-opacity":"","overlay-gradient":""},"mobile":{"background-color":"","background-image":"","background-repeat":"repeat","background-position":"center center","background-size":"auto","background-attachment":"scroll","background-type":"","background-media":"","overlay-type":"","overlay-color":"","overlay-opacity":"","overlay-gradient":""}},"ast-content-background-meta":{"desktop":{"background-color":"var(--ast-global-color-5)","background-image":"","background-repeat":"repeat","background-position":"center center","background-size":"auto","background-attachment":"scroll","background-type":"","background-media":"","overlay-type":"","overlay-color":"","overlay-opacity":"","overlay-gradient":""},"tablet":{"background-color":"var(--ast-global-color-5)","background-image":"","background-repeat":"repeat","background-position":"center center","background-size":"auto","background-attachment":"scroll","background-type":"","background-media":"","overlay-type":"","overlay-color":"","overlay-opacity":"","overlay-gradient":""},"mobile":{"background-color":"var(--ast-global-color-5)","background-image":"","background-repeat":"repeat","background-position":"center center","background-size":"auto","background-attachment":"scroll","background-type":"","background-media":"","overlay-type":"","overlay-color":"","overlay-opacity":"","overlay-gradient":""}},"footnotes":""},"class_list":["post-100","page","type-page","status-publish","hentry"],"_links":{"self":[{"href":"https:\/\/mensagensperdidas.com\/index.php\/wp-json\/wp\/v2\/pages\/100","targetHints":{"allow":["GET"]}}],"collection":[{"href":"https:\/\/mensagensperdidas.com\/index.php\/wp-json\/wp\/v2\/pages"}],"about":[{"href":"https:\/\/mensagensperdidas.com\/index.php\/wp-json\/wp\/v2\/types\/page"}],"author":[{"embeddable":true,"href":"https:\/\/mensagensperdidas.com\/index.php\/wp-json\/wp\/v2\/users\/1"}],"replies":[{"embeddable":true,"href":"https:\/\/mensagensperdidas.com\/index.php\/wp-json\/wp\/v2\/comments?post=100"}],"version-history":[{"count":8,"href":"https:\/\/mensagensperdidas.com\/index.php\/wp-json\/wp\/v2\/pages\/100\/revisions"}],"predecessor-version":[{"id":1034,"href":"https:\/\/mensagensperdidas.com\/index.php\/wp-json\/wp\/v2\/pages\/100\/revisions\/1034"}],"wp:attachment":[{"href":"https:\/\/mensagensperdidas.com\/index.php\/wp-json\/wp\/v2\/media?parent=100"}],"curies":[{"name":"wp","href":"https:\/\/api.w.org\/{rel}","templated":true}]}}