{"id":1166,"date":"2026-03-14T01:12:59","date_gmt":"2026-03-14T04:12:59","guid":{"rendered":"https:\/\/mensagensperdidas.com\/?page_id=1166"},"modified":"2026-03-17T00:12:28","modified_gmt":"2026-03-17T03:12:28","slug":"uma-breve-historia-da-burocracia","status":"publish","type":"page","link":"https:\/\/mensagensperdidas.com\/index.php\/uma-breve-historia-da-burocracia\/","title":{"rendered":"Uma Breve Hist\u00f3ria da Burocracia"},"content":{"rendered":"\n<p class=\"has-medium-font-size\">Dizem que em tempos remotos a humanidade vivia bem. Uns coletavam, outros ca\u00e7avam, e tinham aqueles que plantavam. Era uma vida simples e sem muitos problemas; talvez uma fera selvagem fosse uma grande crise, mas nada t\u00e3o absurdo. Ent\u00e3o, a humanidade cresceu e passou a viver em grandes aldeias, que logo se urbanizaram. Foi naquele per\u00edodo que apareceu Rog\u00e9rio.<\/p>\n\n\n\n<p class=\"has-medium-font-size\">Certamente voc\u00ea deve estar se perguntando como \u00e9 poss\u00edvel que tenha existido um Rog\u00e9rio em tempos t\u00e3o remotos. Mas h\u00e1 uma resposta para isso \u2014 sempre h\u00e1 respostas para qualquer coisa, mesmo que seja errada. Mas, segundo os estudiosos, esse nome remonta a uma tradi\u00e7\u00e3o antiqu\u00edssima, fundamentada na oralidade dos primeiros homin\u00eddeos.<\/p>\n\n\n\n<p class=\"has-medium-font-size\">Bom, de qualquer modo, Rog\u00e9rio vivia uma vida pacata em sua aldeia, que apenas crescia. O trabalho da ca\u00e7a j\u00e1 n\u00e3o era t\u00e3o necess\u00e1rio, e a terra era bastante f\u00e9rtil. Ningu\u00e9m tinha muito o que fazer e todos estavam felizes, por\u00e9m o t\u00e9dio tomava conta do pobre Rog\u00e9rio. O dito cujo passava horas olhando para o teto, pensando no que fazer. Observava os outros na rua, todos felizes em seus agrad\u00e1veis afazeres, e se incomodava. &#8220;<em>Como era poss\u00edvel todos viverem sem preocupa\u00e7\u00f5es, sem prazos!<\/em>&#8220;, pensava. Algo precisava ser feito.<\/p>\n\n\n\n<p class=\"has-medium-font-size\">Algumas inven\u00e7\u00f5es surgem, infelizmente, para o mal do outro, mesmo que exista uma aplica\u00e7\u00e3o para o bem. Podemos citar, como exemplo, a energia at\u00f4mica, que \u00e9 capaz de dizimar cidades, mas que tamb\u00e9m serve para gerar eletricidade. Outra inven\u00e7\u00e3o que se enquadra nesse aspecto \u00e9 a escrita.<\/p>\n\n\n\n<p class=\"has-medium-font-size\">Bem&#8230; na necessidade de organizar e administrar a vida alheia, Rog\u00e9rio inventou a escrita&#8230; e as planilhas. Primeiro foi num peda\u00e7o chinfrim de madeira, mas, depois, evoluiu para as famosas tabuinhas de argila. No seu \u00edmpeto de levar a humanidade para lugares que ela nunca pediu para estar, espalhou sua sandice entre os seus, que receberam, na inoc\u00eancia de sua ignor\u00e2ncia, aquela nova inven\u00e7\u00e3o com grande alegria e espanto. N\u00e3o quero dizer que Rog\u00e9rio foi mau. Ele teve boa inten\u00e7\u00e3o, j\u00e1 que estava entendiado e precisava inventar alguma coisa.<\/p>\n\n\n\n<p class=\"has-medium-font-size\">Apesar de a burocracia ter evolu\u00eddo a partir do mau uso da escrita, existiram her\u00f3is e hero\u00ednas an\u00f4nimos que, aborrecidos com os formul\u00e1rios cada vez mais extensos e repletos de t\u00e9dio, deram um uso digno \u2014 e correto \u2014 para as letras. Come\u00e7aram por satirizar os formul\u00e1rios; depois, acharam interessante escrever cartas e outras fofocas. Ent\u00e3o vieram os livros, com suas grandes epop\u00e9ias e aventuras<sup data-fn=\"8f227a95-e714-4097-a3a7-513af4c746cf\" class=\"fn\"><a href=\"#8f227a95-e714-4097-a3a7-513af4c746cf\" id=\"8f227a95-e714-4097-a3a7-513af4c746cf-link\">1<\/a><\/sup>.<\/p>\n\n\n\n<p class=\"has-medium-font-size\">Como era de se esperar, ningu\u00e9m sabe o que aconteceu com Rog\u00e9rio. \u00c9 dito que, ap\u00f3s sua morte, foi celebrado como uma divindade pelos chefes de aldeias e dos emergentes empreendedores que come\u00e7avam a surgir nas primeiras cidades. Posteriormente, foi retratado como uma criatura maligna de ares tir\u00e2nicos. Mas, com o tempo, o culto ao rogerismo foi se perdendo e o pr\u00f3prio nome Rog\u00e9rio foi esquecido. Por\u00e9m, por um acaso do destino, o antigo nome reapareceu na hist\u00f3ria mais recente, mas em outro contexto e com outro significado.<\/p>\n\n\n\n<p class=\"has-medium-font-size\">Apesar de o Rog\u00e9rio original ter sido esquecido dos Anais da Hist\u00f3ria, seu fantasma e seu legado de horror, t\u00e9dio e demora, ainda persistem, sendo visto em governos, em institui\u00e7\u00f5es p\u00fablicas e privadas, e no atendimento ao consumidor.<\/p>\n\n\n\n<p><\/p>\n\n\n<ol class=\"wp-block-footnotes\"><li id=\"8f227a95-e714-4097-a3a7-513af4c746cf\">Algumas m\u00e1s l\u00ednguas afirmam que a origem dos livros t\u00e9cnicos pode ser atribu\u00edda aos disc\u00edpulos de Rog\u00e9rio, os rogeristas. <a href=\"#8f227a95-e714-4097-a3a7-513af4c746cf-link\" aria-label=\"Ir para a refer\u00eancia 1 na nota de rodap\u00e9\">\u21a9\ufe0e<\/a><\/li><\/ol>","protected":false},"excerpt":{"rendered":"<p>Dizem que em tempos remotos a humanidade vivia bem. Uns coletavam, outros ca\u00e7avam, e tinham aqueles que plantavam. Era uma vida simples e sem muitos problemas; talvez uma fera selvagem fosse uma grande crise, mas nada t\u00e3o absurdo. Ent\u00e3o, a humanidade cresceu e passou a viver em grandes aldeias, que logo se urbanizaram. Foi naquele [&hellip;]<\/p>\n","protected":false},"author":1,"featured_media":1181,"parent":0,"menu_order":0,"comment_status":"closed","ping_status":"closed","template":"","meta":{"site-sidebar-layout":"default","site-content-layout":"","ast-site-content-layout":"default","site-content-style":"default","site-sidebar-style":"default","ast-global-header-display":"","ast-banner-title-visibility":"","ast-main-header-display":"","ast-hfb-above-header-display":"","ast-hfb-below-header-display":"","ast-hfb-mobile-header-display":"","site-post-title":"","ast-breadcrumbs-content":"","ast-featured-img":"","footer-sml-layout":"","ast-disable-related-posts":"","theme-transparent-header-meta":"","adv-header-id-meta":"","stick-header-meta":"","header-above-stick-meta":"","header-main-stick-meta":"","header-below-stick-meta":"","astra-migrate-meta-layouts":"default","ast-page-background-enabled":"default","ast-page-background-meta":{"desktop":{"background-color":"var(--ast-global-color-4)","background-image":"","background-repeat":"repeat","background-position":"center center","background-size":"auto","background-attachment":"scroll","background-type":"","background-media":"","overlay-type":"","overlay-color":"","overlay-opacity":"","overlay-gradient":""},"tablet":{"background-color":"","background-image":"","background-repeat":"repeat","background-position":"center center","background-size":"auto","background-attachment":"scroll","background-type":"","background-media":"","overlay-type":"","overlay-color":"","overlay-opacity":"","overlay-gradient":""},"mobile":{"background-color":"","background-image":"","background-repeat":"repeat","background-position":"center center","background-size":"auto","background-attachment":"scroll","background-type":"","background-media":"","overlay-type":"","overlay-color":"","overlay-opacity":"","overlay-gradient":""}},"ast-content-background-meta":{"desktop":{"background-color":"var(--ast-global-color-5)","background-image":"","background-repeat":"repeat","background-position":"center center","background-size":"auto","background-attachment":"scroll","background-type":"","background-media":"","overlay-type":"","overlay-color":"","overlay-opacity":"","overlay-gradient":""},"tablet":{"background-color":"var(--ast-global-color-5)","background-image":"","background-repeat":"repeat","background-position":"center center","background-size":"auto","background-attachment":"scroll","background-type":"","background-media":"","overlay-type":"","overlay-color":"","overlay-opacity":"","overlay-gradient":""},"mobile":{"background-color":"var(--ast-global-color-5)","background-image":"","background-repeat":"repeat","background-position":"center center","background-size":"auto","background-attachment":"scroll","background-type":"","background-media":"","overlay-type":"","overlay-color":"","overlay-opacity":"","overlay-gradient":""}},"footnotes":"[{\"content\":\"Algumas m\u00e1s l\u00ednguas afirmam que a origem dos livros t\u00e9cnicos pode ser atribu\u00edda aos disc\u00edpulos de Rog\u00e9rio, os rogeristas.\",\"id\":\"8f227a95-e714-4097-a3a7-513af4c746cf\"}]"},"class_list":["post-1166","page","type-page","status-publish","has-post-thumbnail","hentry"],"_links":{"self":[{"href":"https:\/\/mensagensperdidas.com\/index.php\/wp-json\/wp\/v2\/pages\/1166","targetHints":{"allow":["GET"]}}],"collection":[{"href":"https:\/\/mensagensperdidas.com\/index.php\/wp-json\/wp\/v2\/pages"}],"about":[{"href":"https:\/\/mensagensperdidas.com\/index.php\/wp-json\/wp\/v2\/types\/page"}],"author":[{"embeddable":true,"href":"https:\/\/mensagensperdidas.com\/index.php\/wp-json\/wp\/v2\/users\/1"}],"replies":[{"embeddable":true,"href":"https:\/\/mensagensperdidas.com\/index.php\/wp-json\/wp\/v2\/comments?post=1166"}],"version-history":[{"count":15,"href":"https:\/\/mensagensperdidas.com\/index.php\/wp-json\/wp\/v2\/pages\/1166\/revisions"}],"predecessor-version":[{"id":1331,"href":"https:\/\/mensagensperdidas.com\/index.php\/wp-json\/wp\/v2\/pages\/1166\/revisions\/1331"}],"wp:featuredmedia":[{"embeddable":true,"href":"https:\/\/mensagensperdidas.com\/index.php\/wp-json\/wp\/v2\/media\/1181"}],"wp:attachment":[{"href":"https:\/\/mensagensperdidas.com\/index.php\/wp-json\/wp\/v2\/media?parent=1166"}],"curies":[{"name":"wp","href":"https:\/\/api.w.org\/{rel}","templated":true}]}}