{"id":164,"date":"2024-09-26T17:59:06","date_gmt":"2024-09-26T20:59:06","guid":{"rendered":"https:\/\/mensagensperdidas.com\/?page_id=164"},"modified":"2026-02-14T16:48:10","modified_gmt":"2026-02-14T19:48:10","slug":"as-mensagens-perdidas","status":"publish","type":"page","link":"https:\/\/mensagensperdidas.com\/index.php\/as-mensagens-perdidas\/","title":{"rendered":"As Mensagens Perdidas"},"content":{"rendered":"\n<div class=\"wp-block-media-text is-stacked-on-mobile\" style=\"grid-template-columns:32% auto\"><figure class=\"wp-block-media-text__media\"><a href=\"https:\/\/mensagensperdidas.com\/index.php\/1-a-verdade-doi\/\"><img fetchpriority=\"high\" decoding=\"async\" width=\"819\" height=\"1024\" src=\"https:\/\/mensagensperdidas.com\/wp-content\/uploads\/2026\/02\/A-Verdade-Doi-1-819x1024.jpg\" alt=\"\" class=\"wp-image-948 size-full\" srcset=\"https:\/\/mensagensperdidas.com\/wp-content\/uploads\/2026\/02\/A-Verdade-Doi-1-819x1024.jpg 819w, https:\/\/mensagensperdidas.com\/wp-content\/uploads\/2026\/02\/A-Verdade-Doi-1-240x300.jpg 240w, https:\/\/mensagensperdidas.com\/wp-content\/uploads\/2026\/02\/A-Verdade-Doi-1-768x960.jpg 768w, https:\/\/mensagensperdidas.com\/wp-content\/uploads\/2026\/02\/A-Verdade-Doi-1.jpg 1080w\" sizes=\"(max-width: 819px) 100vw, 819px\" \/><\/a><\/figure><div class=\"wp-block-media-text__content\">\n<h2 class=\"wp-block-heading has-black-color has-text-color has-link-color wp-elements-daa68a849ebf106519b268c32aa2f881\"><a href=\"https:\/\/mensagensperdidas.com\/index.php\/1-a-verdade-doi\/\" data-type=\"page\" data-id=\"211\">1 &#8211; A Verdade D\u00f3i<\/a><\/h2>\n<\/div><\/div>\n\n\n\n<p><\/p>\n\n\n\n<div class=\"wp-block-media-text is-stacked-on-mobile\" style=\"grid-template-columns:32% auto\"><figure class=\"wp-block-media-text__media\"><a href=\"https:\/\/mensagensperdidas.com\/index.php\/2-ignorancia-cacofonias-e-percepcoes-reflexao-e-critica-em-um-mundo-desinformacional\/\"><img decoding=\"async\" width=\"819\" height=\"1024\" src=\"https:\/\/mensagensperdidas.com\/wp-content\/uploads\/2026\/02\/2-Ignorancia-cacofonias-e-percepcoes-819x1024.jpg\" alt=\"\" class=\"wp-image-952 size-full\" srcset=\"https:\/\/mensagensperdidas.com\/wp-content\/uploads\/2026\/02\/2-Ignorancia-cacofonias-e-percepcoes-819x1024.jpg 819w, https:\/\/mensagensperdidas.com\/wp-content\/uploads\/2026\/02\/2-Ignorancia-cacofonias-e-percepcoes-240x300.jpg 240w, https:\/\/mensagensperdidas.com\/wp-content\/uploads\/2026\/02\/2-Ignorancia-cacofonias-e-percepcoes-768x960.jpg 768w, https:\/\/mensagensperdidas.com\/wp-content\/uploads\/2026\/02\/2-Ignorancia-cacofonias-e-percepcoes.jpg 1080w\" sizes=\"(max-width: 819px) 100vw, 819px\" \/><\/a><\/figure><div class=\"wp-block-media-text__content\">\n<h2 class=\"wp-block-heading has-black-color has-text-color has-link-color wp-elements-c5d1a68cf19487c017b174d2029bd0c0\"><a href=\"https:\/\/mensagensperdidas.com\/index.php\/2-ignorancia-cacofonias-e-percepcoes-reflexao-e-critica-em-um-mundo-desinformacional\/\">2 &#8211; Ignor\u00e2ncias, cacofonias e percep\u00e7\u00f5es: reflex\u00e3o e cr\u00edtica em um mundo desinformacional<\/a><\/h2>\n<\/div><\/div>\n\n\n\n<p><\/p>\n\n\n\n<div class=\"wp-block-media-text is-stacked-on-mobile\" style=\"grid-template-columns:32% auto\"><figure class=\"wp-block-media-text__media\"><a href=\"https:\/\/mensagensperdidas.com\/index.php\/3-sobre-o-nao-saber\/\"><img decoding=\"async\" width=\"819\" height=\"1024\" src=\"https:\/\/mensagensperdidas.com\/wp-content\/uploads\/2026\/02\/3-Sobre-o-nao-saber-819x1024.jpg\" alt=\"\" class=\"wp-image-957 size-full\" srcset=\"https:\/\/mensagensperdidas.com\/wp-content\/uploads\/2026\/02\/3-Sobre-o-nao-saber-819x1024.jpg 819w, https:\/\/mensagensperdidas.com\/wp-content\/uploads\/2026\/02\/3-Sobre-o-nao-saber-240x300.jpg 240w, https:\/\/mensagensperdidas.com\/wp-content\/uploads\/2026\/02\/3-Sobre-o-nao-saber-768x960.jpg 768w, https:\/\/mensagensperdidas.com\/wp-content\/uploads\/2026\/02\/3-Sobre-o-nao-saber.jpg 1080w\" sizes=\"(max-width: 819px) 100vw, 819px\" \/><\/a><\/figure><div class=\"wp-block-media-text__content\">\n<h2 class=\"wp-block-heading has-black-color has-text-color has-link-color wp-elements-efb8bd130a9596e9cd42ae0fd891c06a\"><a href=\"https:\/\/mensagensperdidas.com\/index.php\/3-sobre-o-nao-saber\/\">3 &#8211; Sobre o n\u00e3o-saber<\/a><\/h2>\n<\/div><\/div>\n\n\n\n<p><\/p>\n\n\n\n<div class=\"wp-block-media-text is-stacked-on-mobile\" style=\"grid-template-columns:32% auto\"><figure class=\"wp-block-media-text__media\"><a href=\"https:\/\/mensagensperdidas.com\/index.php\/4-fotografias\/\"><img loading=\"lazy\" decoding=\"async\" width=\"819\" height=\"1024\" src=\"https:\/\/mensagensperdidas.com\/wp-content\/uploads\/2026\/02\/4-Fotografias-819x1024.jpg\" alt=\"\" class=\"wp-image-959 size-full\" srcset=\"https:\/\/mensagensperdidas.com\/wp-content\/uploads\/2026\/02\/4-Fotografias-819x1024.jpg 819w, https:\/\/mensagensperdidas.com\/wp-content\/uploads\/2026\/02\/4-Fotografias-240x300.jpg 240w, https:\/\/mensagensperdidas.com\/wp-content\/uploads\/2026\/02\/4-Fotografias-768x960.jpg 768w, https:\/\/mensagensperdidas.com\/wp-content\/uploads\/2026\/02\/4-Fotografias.jpg 1080w\" sizes=\"(max-width: 819px) 100vw, 819px\" \/><\/a><\/figure><div class=\"wp-block-media-text__content\">\n<h2 class=\"wp-block-heading has-black-color has-text-color has-link-color wp-elements-7d10016269cf886e3736ae60c3a01cea\"><a href=\"https:\/\/mensagensperdidas.com\/index.php\/4-fotografias\/\">4 &#8211; Fotografias<\/a><\/h2>\n<\/div><\/div>\n\n\n\n<p><\/p>\n\n\n\n<div class=\"wp-block-media-text is-stacked-on-mobile\" style=\"grid-template-columns:32% auto\"><figure class=\"wp-block-media-text__media\"><a href=\"https:\/\/mensagensperdidas.com\/index.php\/5-sobre-ser-a-igreja-que-voce-quer-ver\/\"><img loading=\"lazy\" decoding=\"async\" width=\"819\" height=\"1024\" src=\"https:\/\/mensagensperdidas.com\/wp-content\/uploads\/2026\/02\/5-Sobre-ser-a-igreja-que-voce-quer-ver-819x1024.jpg\" alt=\"\" class=\"wp-image-964 size-full\" srcset=\"https:\/\/mensagensperdidas.com\/wp-content\/uploads\/2026\/02\/5-Sobre-ser-a-igreja-que-voce-quer-ver-819x1024.jpg 819w, https:\/\/mensagensperdidas.com\/wp-content\/uploads\/2026\/02\/5-Sobre-ser-a-igreja-que-voce-quer-ver-240x300.jpg 240w, https:\/\/mensagensperdidas.com\/wp-content\/uploads\/2026\/02\/5-Sobre-ser-a-igreja-que-voce-quer-ver-768x960.jpg 768w, https:\/\/mensagensperdidas.com\/wp-content\/uploads\/2026\/02\/5-Sobre-ser-a-igreja-que-voce-quer-ver.jpg 1080w\" sizes=\"(max-width: 819px) 100vw, 819px\" \/><\/a><\/figure><div class=\"wp-block-media-text__content\">\n<h2 class=\"wp-block-heading has-black-color has-text-color has-link-color wp-elements-771c13282180b7508f7e99992cb6842b\"><a href=\"https:\/\/mensagensperdidas.com\/index.php\/5-sobre-ser-a-igreja-que-voce-quer-ver\/\">5 &#8211; Sobre &#8220;ser a igreja que voc\u00ea quer ver&#8221;<\/a><\/h2>\n<\/div><\/div>\n\n\n\n<p><\/p>\n\n\n\n<div class=\"wp-block-media-text is-stacked-on-mobile\" style=\"grid-template-columns:32% auto\"><figure class=\"wp-block-media-text__media\"><a href=\"https:\/\/mensagensperdidas.com\/index.php\/6-dias-ruins\/\"><img loading=\"lazy\" decoding=\"async\" width=\"819\" height=\"1024\" src=\"https:\/\/mensagensperdidas.com\/wp-content\/uploads\/2026\/02\/6-Dias-ruins-819x1024.jpg\" alt=\"\" class=\"wp-image-966 size-full\" srcset=\"https:\/\/mensagensperdidas.com\/wp-content\/uploads\/2026\/02\/6-Dias-ruins-819x1024.jpg 819w, https:\/\/mensagensperdidas.com\/wp-content\/uploads\/2026\/02\/6-Dias-ruins-240x300.jpg 240w, https:\/\/mensagensperdidas.com\/wp-content\/uploads\/2026\/02\/6-Dias-ruins-768x960.jpg 768w, https:\/\/mensagensperdidas.com\/wp-content\/uploads\/2026\/02\/6-Dias-ruins.jpg 1080w\" sizes=\"(max-width: 819px) 100vw, 819px\" \/><\/a><\/figure><div class=\"wp-block-media-text__content\">\n<h2 class=\"wp-block-heading has-black-color has-text-color has-link-color wp-elements-6626d8175f8ca0caad8c83dba12d5a34\"><a href=\"https:\/\/mensagensperdidas.com\/index.php\/6-dias-ruins\/\">6 &#8211; Dias ruins<\/a><\/h2>\n<\/div><\/div>\n\n\n\n<p><\/p>\n\n\n\n<div class=\"wp-block-media-text is-stacked-on-mobile\" style=\"grid-template-columns:31% auto\"><figure class=\"wp-block-media-text__media\"><a href=\"https:\/\/mensagensperdidas.com\/index.php\/7-parecer-ou-ser\/\"><img loading=\"lazy\" decoding=\"async\" width=\"819\" height=\"1024\" src=\"https:\/\/mensagensperdidas.com\/wp-content\/uploads\/2026\/02\/7-Parecer-ou-ser-819x1024.jpg\" alt=\"\" class=\"wp-image-968 size-full\" srcset=\"https:\/\/mensagensperdidas.com\/wp-content\/uploads\/2026\/02\/7-Parecer-ou-ser-819x1024.jpg 819w, https:\/\/mensagensperdidas.com\/wp-content\/uploads\/2026\/02\/7-Parecer-ou-ser-240x300.jpg 240w, https:\/\/mensagensperdidas.com\/wp-content\/uploads\/2026\/02\/7-Parecer-ou-ser-768x960.jpg 768w, https:\/\/mensagensperdidas.com\/wp-content\/uploads\/2026\/02\/7-Parecer-ou-ser.jpg 1080w\" sizes=\"(max-width: 819px) 100vw, 819px\" \/><\/a><\/figure><div class=\"wp-block-media-text__content\">\n<h2 class=\"wp-block-heading has-ast-global-color-7-color has-text-color has-link-color wp-elements-379f5dd4b68c69faa0c645c12c0039ea\"><a href=\"https:\/\/mensagensperdidas.com\/index.php\/7-parecer-ou-ser\/\">7 &#8211; Parecer ou Ser<\/a><\/h2>\n<\/div><\/div>\n\n\n\n<p><\/p>\n\n\n\n<div class=\"wp-block-media-text is-stacked-on-mobile\" style=\"grid-template-columns:31% auto\"><figure class=\"wp-block-media-text__media\"><a href=\"https:\/\/mensagensperdidas.com\/index.php\/8-pratica\/\"><img loading=\"lazy\" decoding=\"async\" width=\"819\" height=\"1024\" src=\"https:\/\/mensagensperdidas.com\/wp-content\/uploads\/2026\/02\/8-Pratica-819x1024.jpg\" alt=\"\" class=\"wp-image-970 size-full\" srcset=\"https:\/\/mensagensperdidas.com\/wp-content\/uploads\/2026\/02\/8-Pratica-819x1024.jpg 819w, https:\/\/mensagensperdidas.com\/wp-content\/uploads\/2026\/02\/8-Pratica-240x300.jpg 240w, https:\/\/mensagensperdidas.com\/wp-content\/uploads\/2026\/02\/8-Pratica-768x960.jpg 768w, https:\/\/mensagensperdidas.com\/wp-content\/uploads\/2026\/02\/8-Pratica.jpg 1080w\" sizes=\"(max-width: 819px) 100vw, 819px\" \/><\/a><\/figure><div class=\"wp-block-media-text__content\">\n<h2 class=\"wp-block-heading has-ast-global-color-7-color has-text-color has-link-color wp-elements-2cabf948bcb8aedffdb615a9058f05d2\"><a href=\"https:\/\/mensagensperdidas.com\/index.php\/8-pratica\/\" data-type=\"page\" data-id=\"275\">8 &#8211; Pr\u00e1tica<\/a><\/h2>\n<\/div><\/div>\n\n\n\n<p><\/p>\n\n\n\n<div class=\"wp-block-media-text is-stacked-on-mobile\" style=\"grid-template-columns:31% auto\"><figure class=\"wp-block-media-text__media\"><a href=\"https:\/\/mensagensperdidas.com\/index.php\/9-momentos\/\"><img loading=\"lazy\" decoding=\"async\" width=\"819\" height=\"1024\" src=\"https:\/\/mensagensperdidas.com\/wp-content\/uploads\/2026\/02\/9-Momentos-819x1024.jpg\" alt=\"\" class=\"wp-image-972 size-full\" srcset=\"https:\/\/mensagensperdidas.com\/wp-content\/uploads\/2026\/02\/9-Momentos-819x1024.jpg 819w, https:\/\/mensagensperdidas.com\/wp-content\/uploads\/2026\/02\/9-Momentos-240x300.jpg 240w, https:\/\/mensagensperdidas.com\/wp-content\/uploads\/2026\/02\/9-Momentos-768x960.jpg 768w, https:\/\/mensagensperdidas.com\/wp-content\/uploads\/2026\/02\/9-Momentos.jpg 1080w\" sizes=\"(max-width: 819px) 100vw, 819px\" \/><\/a><\/figure><div class=\"wp-block-media-text__content\">\n<h2 class=\"wp-block-heading has-ast-global-color-7-color has-text-color has-link-color wp-elements-1f8c538d50ef7dd4cf2704720061284f\"><a href=\"https:\/\/mensagensperdidas.com\/index.php\/9-momentos\/\" data-type=\"page\" data-id=\"525\">9 &#8211; Momentos<\/a><\/h2>\n<\/div><\/div>\n\n\n\n<p><\/p>\n\n\n\n<div class=\"wp-block-media-text is-stacked-on-mobile\" style=\"grid-template-columns:31% auto\"><figure class=\"wp-block-media-text__media\"><a href=\"https:\/\/mensagensperdidas.com\/index.php\/10-o-medo-do-desconhecido\/\"><img loading=\"lazy\" decoding=\"async\" width=\"819\" height=\"1024\" src=\"https:\/\/mensagensperdidas.com\/wp-content\/uploads\/2026\/02\/10-O-Medo-do-Desconhecido-819x1024.jpg\" alt=\"\" class=\"wp-image-977 size-full\" srcset=\"https:\/\/mensagensperdidas.com\/wp-content\/uploads\/2026\/02\/10-O-Medo-do-Desconhecido-819x1024.jpg 819w, https:\/\/mensagensperdidas.com\/wp-content\/uploads\/2026\/02\/10-O-Medo-do-Desconhecido-240x300.jpg 240w, https:\/\/mensagensperdidas.com\/wp-content\/uploads\/2026\/02\/10-O-Medo-do-Desconhecido-768x960.jpg 768w, https:\/\/mensagensperdidas.com\/wp-content\/uploads\/2026\/02\/10-O-Medo-do-Desconhecido.jpg 1080w\" sizes=\"(max-width: 819px) 100vw, 819px\" \/><\/a><\/figure><div class=\"wp-block-media-text__content\">\n<h2 class=\"wp-block-heading has-ast-global-color-7-color has-text-color has-link-color wp-elements-8a5a595e29b0cbbeea2f9224f101e6e7\"><a href=\"https:\/\/mensagensperdidas.com\/index.php\/10-o-medo-do-desconhecido\/\" data-type=\"page\" data-id=\"642\">10 \u2013 O Medo do Desconhecido<\/a><\/h2>\n<\/div><\/div>\n\n\n\n<p><\/p>\n\n\n\n<div class=\"wp-block-media-text is-stacked-on-mobile\" style=\"grid-template-columns:32% auto\"><figure class=\"wp-block-media-text__media\"><a href=\"https:\/\/mensagensperdidas.com\/index.php\/11-uma-pequena-reflexao\/\"><img loading=\"lazy\" decoding=\"async\" width=\"819\" height=\"1024\" src=\"https:\/\/mensagensperdidas.com\/wp-content\/uploads\/2026\/02\/11-Uma-Pequena-Reflexao-819x1024.jpg\" alt=\"\" class=\"wp-image-983 size-full\" srcset=\"https:\/\/mensagensperdidas.com\/wp-content\/uploads\/2026\/02\/11-Uma-Pequena-Reflexao-819x1024.jpg 819w, https:\/\/mensagensperdidas.com\/wp-content\/uploads\/2026\/02\/11-Uma-Pequena-Reflexao-240x300.jpg 240w, https:\/\/mensagensperdidas.com\/wp-content\/uploads\/2026\/02\/11-Uma-Pequena-Reflexao-768x960.jpg 768w, https:\/\/mensagensperdidas.com\/wp-content\/uploads\/2026\/02\/11-Uma-Pequena-Reflexao.jpg 1080w\" sizes=\"(max-width: 819px) 100vw, 819px\" \/><\/a><\/figure><div class=\"wp-block-media-text__content\">\n<h2 class=\"wp-block-heading has-ast-global-color-7-color has-text-color has-link-color wp-elements-8e50c2242aaed3e1c494528f67dbc350\"><a href=\"https:\/\/mensagensperdidas.com\/index.php\/11-uma-pequena-reflexao\/\" data-type=\"page\" data-id=\"707\">11 &#8211; Uma Pequena Reflex\u00e3o<\/a><\/h2>\n<\/div><\/div>\n\n\n\n<p><\/p>\n\n\n\n<div class=\"wp-block-media-text is-stacked-on-mobile\" style=\"grid-template-columns:32% auto\"><figure class=\"wp-block-media-text__media\"><a href=\"https:\/\/mensagensperdidas.com\/index.php\/12-a-diversidade-das-coisas\/\"><img loading=\"lazy\" decoding=\"async\" width=\"819\" height=\"1024\" src=\"https:\/\/mensagensperdidas.com\/wp-content\/uploads\/2026\/02\/12-A-Diversidade-das-Coisas-819x1024.jpg\" alt=\"\" class=\"wp-image-985 size-full\" srcset=\"https:\/\/mensagensperdidas.com\/wp-content\/uploads\/2026\/02\/12-A-Diversidade-das-Coisas-819x1024.jpg 819w, https:\/\/mensagensperdidas.com\/wp-content\/uploads\/2026\/02\/12-A-Diversidade-das-Coisas-240x300.jpg 240w, https:\/\/mensagensperdidas.com\/wp-content\/uploads\/2026\/02\/12-A-Diversidade-das-Coisas-768x960.jpg 768w, https:\/\/mensagensperdidas.com\/wp-content\/uploads\/2026\/02\/12-A-Diversidade-das-Coisas.jpg 1080w\" sizes=\"(max-width: 819px) 100vw, 819px\" \/><\/a><\/figure><div class=\"wp-block-media-text__content\">\n<h2 class=\"wp-block-heading has-ast-global-color-7-color has-text-color has-link-color wp-elements-9607ec6db36d33c62f639f4fb5c4e1bc\"><a href=\"https:\/\/mensagensperdidas.com\/index.php\/12-a-diversidade-das-coisas\/\" data-type=\"page\" data-id=\"881\">12 &#8211; A Diversidade das Coisas<\/a><\/h2>\n<\/div><\/div>\n\n\n\n<p><\/p>\n\n\n\n<div class=\"wp-block-media-text is-stacked-on-mobile\" style=\"grid-template-columns:32% auto\"><figure class=\"wp-block-media-text__media\"><a href=\"https:\/\/mensagensperdidas.com\/index.php\/13-equilibrio-e-bom-senso\/\"><img loading=\"lazy\" decoding=\"async\" width=\"819\" height=\"1024\" src=\"https:\/\/mensagensperdidas.com\/wp-content\/uploads\/2026\/02\/13-Equilibrio-e-Bom-Senso-819x1024.jpg\" alt=\"\" class=\"wp-image-987 size-full\" srcset=\"https:\/\/mensagensperdidas.com\/wp-content\/uploads\/2026\/02\/13-Equilibrio-e-Bom-Senso-819x1024.jpg 819w, https:\/\/mensagensperdidas.com\/wp-content\/uploads\/2026\/02\/13-Equilibrio-e-Bom-Senso-240x300.jpg 240w, https:\/\/mensagensperdidas.com\/wp-content\/uploads\/2026\/02\/13-Equilibrio-e-Bom-Senso-768x960.jpg 768w, https:\/\/mensagensperdidas.com\/wp-content\/uploads\/2026\/02\/13-Equilibrio-e-Bom-Senso.jpg 1080w\" sizes=\"(max-width: 819px) 100vw, 819px\" \/><\/a><\/figure><div class=\"wp-block-media-text__content\">\n<h2 class=\"wp-block-heading has-black-color has-text-color has-link-color wp-elements-d4fa792801d3f7d87d843cf1c958256d\"><a href=\"https:\/\/mensagensperdidas.com\/index.php\/13-equilibrio-e-bom-senso\/\" data-type=\"page\" data-id=\"905\">13 &#8211; Equil\u00edbrio e Bom Senso<\/a><\/h2>\n<\/div><\/div>\n","protected":false},"excerpt":{"rendered":"<p>1 &#8211; A Verdade D\u00f3i 2 &#8211; Ignor\u00e2ncias, cacofonias e percep\u00e7\u00f5es: reflex\u00e3o e cr\u00edtica em um mundo desinformacional 3 &#8211; Sobre o n\u00e3o-saber 4 &#8211; Fotografias 5 &#8211; Sobre &#8220;ser a igreja que voc\u00ea quer ver&#8221; 6 &#8211; Dias ruins 7 &#8211; Parecer ou Ser 8 &#8211; Pr\u00e1tica 9 &#8211; Momentos 10 \u2013 O Medo [&hellip;]<\/p>\n","protected":false},"author":1,"featured_media":0,"parent":0,"menu_order":0,"comment_status":"closed","ping_status":"closed","template":"","meta":{"site-sidebar-layout":"default","site-content-layout":"","ast-site-content-layout":"default","site-content-style":"default","site-sidebar-style":"default","ast-global-header-display":"","ast-banner-title-visibility":"","ast-main-header-display":"","ast-hfb-above-header-display":"","ast-hfb-below-header-display":"","ast-hfb-mobile-header-display":"","site-post-title":"","ast-breadcrumbs-content":"","ast-featured-img":"","footer-sml-layout":"","ast-disable-related-posts":"","theme-transparent-header-meta":"","adv-header-id-meta":"","stick-header-meta":"","header-above-stick-meta":"","header-main-stick-meta":"","header-below-stick-meta":"","astra-migrate-meta-layouts":"default","ast-page-background-enabled":"default","ast-page-background-meta":{"desktop":{"background-color":"var(--ast-global-color-4)","background-image":"","background-repeat":"repeat","background-position":"center center","background-size":"auto","background-attachment":"scroll","background-type":"","background-media":"","overlay-type":"","overlay-color":"","overlay-opacity":"","overlay-gradient":""},"tablet":{"background-color":"","background-image":"","background-repeat":"repeat","background-position":"center center","background-size":"auto","background-attachment":"scroll","background-type":"","background-media":"","overlay-type":"","overlay-color":"","overlay-opacity":"","overlay-gradient":""},"mobile":{"background-color":"","background-image":"","background-repeat":"repeat","background-position":"center center","background-size":"auto","background-attachment":"scroll","background-type":"","background-media":"","overlay-type":"","overlay-color":"","overlay-opacity":"","overlay-gradient":""}},"ast-content-background-meta":{"desktop":{"background-color":"var(--ast-global-color-5)","background-image":"","background-repeat":"repeat","background-position":"center center","background-size":"auto","background-attachment":"scroll","background-type":"","background-media":"","overlay-type":"","overlay-color":"","overlay-opacity":"","overlay-gradient":""},"tablet":{"background-color":"var(--ast-global-color-5)","background-image":"","background-repeat":"repeat","background-position":"center center","background-size":"auto","background-attachment":"scroll","background-type":"","background-media":"","overlay-type":"","overlay-color":"","overlay-opacity":"","overlay-gradient":""},"mobile":{"background-color":"var(--ast-global-color-5)","background-image":"","background-repeat":"repeat","background-position":"center center","background-size":"auto","background-attachment":"scroll","background-type":"","background-media":"","overlay-type":"","overlay-color":"","overlay-opacity":"","overlay-gradient":""}},"footnotes":""},"class_list":["post-164","page","type-page","status-publish","hentry"],"_links":{"self":[{"href":"https:\/\/mensagensperdidas.com\/index.php\/wp-json\/wp\/v2\/pages\/164","targetHints":{"allow":["GET"]}}],"collection":[{"href":"https:\/\/mensagensperdidas.com\/index.php\/wp-json\/wp\/v2\/pages"}],"about":[{"href":"https:\/\/mensagensperdidas.com\/index.php\/wp-json\/wp\/v2\/types\/page"}],"author":[{"embeddable":true,"href":"https:\/\/mensagensperdidas.com\/index.php\/wp-json\/wp\/v2\/users\/1"}],"replies":[{"embeddable":true,"href":"https:\/\/mensagensperdidas.com\/index.php\/wp-json\/wp\/v2\/comments?post=164"}],"version-history":[{"count":43,"href":"https:\/\/mensagensperdidas.com\/index.php\/wp-json\/wp\/v2\/pages\/164\/revisions"}],"predecessor-version":[{"id":988,"href":"https:\/\/mensagensperdidas.com\/index.php\/wp-json\/wp\/v2\/pages\/164\/revisions\/988"}],"wp:attachment":[{"href":"https:\/\/mensagensperdidas.com\/index.php\/wp-json\/wp\/v2\/media?parent=164"}],"curies":[{"name":"wp","href":"https:\/\/api.w.org\/{rel}","templated":true}]}}