{"id":256,"date":"2024-09-30T12:21:38","date_gmt":"2024-09-30T15:21:38","guid":{"rendered":"https:\/\/mensagensperdidas.com\/?page_id=256"},"modified":"2026-02-13T17:35:15","modified_gmt":"2026-02-13T20:35:15","slug":"3-sobre-o-nao-saber","status":"publish","type":"page","link":"https:\/\/mensagensperdidas.com\/index.php\/3-sobre-o-nao-saber\/","title":{"rendered":"3 &#8211; Sobre o N\u00e3o-Saber"},"content":{"rendered":"\n<blockquote class=\"wp-block-quote has-medium-font-size is-layout-flow wp-block-quote-is-layout-flow\">\n<p><em>&#8220;Voc\u00ea acumular\u00e1 mais conhecimento e mais livros \u00e0 medida que for envelhecendo, e as fileiras cada vez maiores de livros n\u00e3o lidos nas estantes v\u00e3o encarar voc\u00ea com uma express\u00e3o amea\u00e7adora. Na verdade, quanto mais voc\u00ea sabe, mais abarrotadas as prateleiras de livros n\u00e3o lidos&#8221; <\/em><br><em>Nassim Taleb, em A L\u00f3gica do Cisne Negro, p. 27-28<\/em><\/p>\n<\/blockquote>\n\n\n\n<p class=\"has-medium-font-size\">Quanto mais sabemos, maior a nossa ignor\u00e2ncia, maior a nossa percep\u00e7\u00e3o do pavoroso desconhecido. No entanto, n\u00e3o devemos ter medo de saber que n\u00e3o sabemos. Talvez devamos dar maior aten\u00e7\u00e3o \u00e0 nossa ignor\u00e2ncia do que \u00e0quilo que realmente pensamos conhecer. Ora, supostamente, saber a extens\u00e3o do que n\u00e3o sabemos pode nos dar a possibilidade da prud\u00eancia, e esta, a chance da humildade que, por fim, nos proporciona a oportunidade da honestidade intelectual. Afinal de contas, conhecer s\u00f3 serve para nos mostrar o quanto desconhecemos.<\/p>\n\n\n\n<p class=\"has-medium-font-size\">Por\u00e9m, h\u00e1, ao que parece, um paradoxo aqui: saber que n\u00e3o sabemos j\u00e1 \u00e9 saber alguma coisa. E a coisa fica ainda mais complicada quando nos damos conta de que a percep\u00e7\u00e3o de nossa ignor\u00e2ncia, esta coisa que deveria nos dar alguma no\u00e7\u00e3o de prud\u00eancia, pode virar fonte de soberba e falsa humildade. A pessoa se torna vaidosa e se acha especial por achar que conhece que desconhece \u2014 &#8220;<em>a pessoa encontrou a resposta e a raz\u00e3o da vida, olha, como ela \u00e9 especial e sabida!<\/em>&#8220;. Mas nesse sentido, tal indiv\u00edduo desconhece o seu pr\u00f3prio ego, suas pr\u00f3prias vaidades, seus pr\u00f3prios v\u00edcios. Pode ser que tal egolatria seja algo comum a todos os seres humanos, sendo em uns, mais acentuado, e em outros, menos. Mas isso n\u00e3o nos d\u00e1 raz\u00e3o e\/ou justificativa para sermos egoc\u00eantricos.<\/p>\n\n\n\n<p class=\"has-medium-font-size\">Pode ser que conhecer reflete em saber o quanto n\u00e3o sabemos. Isso n\u00e3o deve ser angustiante, mas, como dito anteriormente, deve nos levar a prud\u00eancia. Os nossos pensamentos sempre ser\u00e3o finitos e infinitamente diminutos diante do grande Mar da Escurid\u00e3o, que \u00e9 o Desconhecido.<\/p>\n","protected":false},"excerpt":{"rendered":"<p>&#8220;Voc\u00ea acumular\u00e1 mais conhecimento e mais livros \u00e0 medida que for envelhecendo, e as fileiras cada vez maiores de livros n\u00e3o lidos nas estantes v\u00e3o encarar voc\u00ea com uma express\u00e3o amea\u00e7adora. Na verdade, quanto mais voc\u00ea sabe, mais abarrotadas as prateleiras de livros n\u00e3o lidos&#8221; Nassim Taleb, em A L\u00f3gica do Cisne Negro, p. 27-28 [&hellip;]<\/p>\n","protected":false},"author":1,"featured_media":957,"parent":0,"menu_order":0,"comment_status":"closed","ping_status":"closed","template":"","meta":{"site-sidebar-layout":"default","site-content-layout":"","ast-site-content-layout":"default","site-content-style":"default","site-sidebar-style":"default","ast-global-header-display":"","ast-banner-title-visibility":"","ast-main-header-display":"","ast-hfb-above-header-display":"","ast-hfb-below-header-display":"","ast-hfb-mobile-header-display":"","site-post-title":"","ast-breadcrumbs-content":"","ast-featured-img":"","footer-sml-layout":"","ast-disable-related-posts":"","theme-transparent-header-meta":"","adv-header-id-meta":"","stick-header-meta":"","header-above-stick-meta":"","header-main-stick-meta":"","header-below-stick-meta":"","astra-migrate-meta-layouts":"default","ast-page-background-enabled":"default","ast-page-background-meta":{"desktop":{"background-color":"var(--ast-global-color-4)","background-image":"","background-repeat":"repeat","background-position":"center center","background-size":"auto","background-attachment":"scroll","background-type":"","background-media":"","overlay-type":"","overlay-color":"","overlay-opacity":"","overlay-gradient":""},"tablet":{"background-color":"","background-image":"","background-repeat":"repeat","background-position":"center center","background-size":"auto","background-attachment":"scroll","background-type":"","background-media":"","overlay-type":"","overlay-color":"","overlay-opacity":"","overlay-gradient":""},"mobile":{"background-color":"","background-image":"","background-repeat":"repeat","background-position":"center center","background-size":"auto","background-attachment":"scroll","background-type":"","background-media":"","overlay-type":"","overlay-color":"","overlay-opacity":"","overlay-gradient":""}},"ast-content-background-meta":{"desktop":{"background-color":"var(--ast-global-color-5)","background-image":"","background-repeat":"repeat","background-position":"center center","background-size":"auto","background-attachment":"scroll","background-type":"","background-media":"","overlay-type":"","overlay-color":"","overlay-opacity":"","overlay-gradient":""},"tablet":{"background-color":"var(--ast-global-color-5)","background-image":"","background-repeat":"repeat","background-position":"center center","background-size":"auto","background-attachment":"scroll","background-type":"","background-media":"","overlay-type":"","overlay-color":"","overlay-opacity":"","overlay-gradient":""},"mobile":{"background-color":"var(--ast-global-color-5)","background-image":"","background-repeat":"repeat","background-position":"center center","background-size":"auto","background-attachment":"scroll","background-type":"","background-media":"","overlay-type":"","overlay-color":"","overlay-opacity":"","overlay-gradient":""}},"footnotes":""},"class_list":["post-256","page","type-page","status-publish","has-post-thumbnail","hentry"],"_links":{"self":[{"href":"https:\/\/mensagensperdidas.com\/index.php\/wp-json\/wp\/v2\/pages\/256","targetHints":{"allow":["GET"]}}],"collection":[{"href":"https:\/\/mensagensperdidas.com\/index.php\/wp-json\/wp\/v2\/pages"}],"about":[{"href":"https:\/\/mensagensperdidas.com\/index.php\/wp-json\/wp\/v2\/types\/page"}],"author":[{"embeddable":true,"href":"https:\/\/mensagensperdidas.com\/index.php\/wp-json\/wp\/v2\/users\/1"}],"replies":[{"embeddable":true,"href":"https:\/\/mensagensperdidas.com\/index.php\/wp-json\/wp\/v2\/comments?post=256"}],"version-history":[{"count":2,"href":"https:\/\/mensagensperdidas.com\/index.php\/wp-json\/wp\/v2\/pages\/256\/revisions"}],"predecessor-version":[{"id":461,"href":"https:\/\/mensagensperdidas.com\/index.php\/wp-json\/wp\/v2\/pages\/256\/revisions\/461"}],"wp:featuredmedia":[{"embeddable":true,"href":"https:\/\/mensagensperdidas.com\/index.php\/wp-json\/wp\/v2\/media\/957"}],"wp:attachment":[{"href":"https:\/\/mensagensperdidas.com\/index.php\/wp-json\/wp\/v2\/media?parent=256"}],"curies":[{"name":"wp","href":"https:\/\/api.w.org\/{rel}","templated":true}]}}