{"id":262,"date":"2024-09-30T12:30:49","date_gmt":"2024-09-30T15:30:49","guid":{"rendered":"https:\/\/mensagensperdidas.com\/?page_id=262"},"modified":"2026-02-13T19:29:50","modified_gmt":"2026-02-13T22:29:50","slug":"5-sobre-ser-a-igreja-que-voce-quer-ver","status":"publish","type":"page","link":"https:\/\/mensagensperdidas.com\/index.php\/5-sobre-ser-a-igreja-que-voce-quer-ver\/","title":{"rendered":"5 &#8211; Sobre &#8220;Ser a Igreja que voc\u00ea quer ver&#8221;"},"content":{"rendered":"\n<blockquote class=\"wp-block-quote has-medium-font-size is-layout-flow wp-block-quote-is-layout-flow\">\n<p id=\"block-ee27cde9-7dae-4769-af32-20cf18d56759\">&#8220;Eles se dedicavam ao ensino dos ap\u00f3stolos e \u00e0 comunh\u00e3o, ao partir do p\u00e3o e \u00e0s ora\u00e7\u00f5es. Todos estavam cheios de temor, e muitas maravilhas e sinais eram feitos pelos ap\u00f3stolos. Os que criam mantinham-se unidos e tinham tudo em comum. Vendendo suas propriedades e bens, distribu\u00edam a cada um conforme a sua necessidade. Todos os dias, continuavam a reunir-se no p\u00e1tio do templo. Partiam o p\u00e3o em suas casas, e juntos participavam das refei\u00e7\u00f5es, com alegria e sinceridade de cora\u00e7\u00e3o, louvando a Deus e tendo a simpatia de todo o povo. E o Senhor lhes acrescentava diariamente os que iam sendo salvos.&#8221;  Atos dos Ap\u00f3stolos, Cap. 2. vers\u00edculos 42-47<\/p>\n<\/blockquote>\n\n\n\n<blockquote class=\"wp-block-quote has-medium-font-size is-layout-flow wp-block-quote-is-layout-flow\">\n<p id=\"block-31a2044b-3b11-42fe-b8aa-685763c7dd2b\">&#8220;E consideremos uns aos outros para nos incentivarmos ao amor e \u00e0s boas obras. N\u00e3o deixemos de reunir-nos como igreja, segundo o costume de alguns, mas procuremos encorajar-nos uns aos outros, ainda mais quando voc\u00eas veem que se aproxima o Dia.&#8221; Hebreus, Cap. 10. vers\u00edculos 24-25<\/p>\n<\/blockquote>\n\n\n\n<blockquote class=\"wp-block-quote has-medium-font-size is-layout-flow wp-block-quote-is-layout-flow\">\n<p id=\"block-ca422582-9eb9-42c2-8941-e81a9c046e86\">&#8220;Por isso resolvi n\u00e3o lhes fazer outra visita que causasse tristeza. Pois se os entriste\u00e7o, quem me alegrar\u00e1 sen\u00e3o voc\u00eas, a quem tenho entristecido? Escrevi como escrevi para que, quando eu for, n\u00e3o seja entristecido por aqueles que deveriam alegrar-me. Estava confiante em que todos voc\u00eas compartilhariam da minha alegria. Pois eu lhes escrevi com grande afli\u00e7\u00e3o e ang\u00fastia de cora\u00e7\u00e3o, e com muitas l\u00e1grimas, n\u00e3o para entristec\u00ea-los, mas para que soubessem como \u00e9 profundo o meu amor por voc\u00eas.&#8221; 2\u00aa Carta aos Cor\u00edntios, Cap. 2. vers\u00edculos 1-4<\/p>\n<\/blockquote>\n\n\n\n<hr class=\"wp-block-separator has-alpha-channel-opacity\"\/>\n\n\n\n<p class=\"has-medium-font-size\">\u00c9 fato que nenhuma igreja no mundo ser\u00e1 perfeita; todas t\u00eam problemas, afinal de contas, igreja \u00e9 um ajuntamento de pessoas, e pessoas s\u00e3o criaturas com muitos problemas. No entanto, isso n\u00e3o deve servir de desculpa para que tal ajuntamento permane\u00e7a em seus erros e v\u00edcios.<\/p>\n\n\n\n<p class=\"has-medium-font-size\">Compreendo que h\u00e1 queixas vazias que prov\u00e9m de gente \u2014 presumo \u2014 que gosta de dar <em>pitaco<\/em> em tudo. <em>&#8220;Ai! Por que isso \u00e9 assim, e n\u00e3o \u00e9 assado?&#8221;, <\/em>ou <em>&#8220;Voc\u00ea viu como fulano me tratou?<\/em>&#8220;, ou ainda: <em>&#8220;Se eu fosse o pastor, faria desse jeito&#8221;<\/em>. Os exemplos s\u00e3o muitos e variados, mas, mesmo que tais reclama\u00e7\u00f5es sejam, em tese, despropositadas, elas podem demonstrar problemas relacionados ao ego de quem reclama. No entanto, h\u00e1 queixas que n\u00e3o s\u00e3o despropositadas e que n\u00e3o nascem \u2014 penso eu \u2014 no ego do indiv\u00edduo.<\/p>\n\n\n\n<p class=\"has-medium-font-size\">Tenho um problema s\u00e9rio com essa senten\u00e7a: &#8220;Seja a igreja que voc\u00ea quer ver&#8221;. Acho que entendo a inten\u00e7\u00e3o da frase. Talvez ela tenha sido feita para incentivar ao fiel da igreja a se tornar em algu\u00e9m mais atuante dentro de sua comunidade, uma pessoa, quem sabe, mais amorosa e comprometida com o grupo. Mas de boas inten\u00e7\u00f5es o inferno est\u00e1 cheio. \u00c9 meio duro falar isso, admito, mas como posso eu, indiv\u00edduo, ser igreja, se igreja \u00e9 feita em comunidade, em grupo?<\/p>\n\n\n\n<p class=\"has-medium-font-size\">Falar &#8220;seja a igreja que voc\u00ea quer ver&#8221; pode servir de &#8220;cala a boca&#8221; para aqueles que apontam pecados e outros problemas que surgem na comunidade de fi\u00e9is. Ora, se procuro ser crist\u00e3o, como indiv\u00edduo \u2014 j\u00e1 que entendo que igreja se d\u00e1 em comunidade, e n\u00e3o como um sujeito isolado \u2014 e procuro, com todas as minhas for\u00e7as, ser justo, por mais dif\u00edcil que isso seja, e aponto as faltas da igreja para que ela se conserte, pode ser que algu\u00e9m, incomodado com minhas observa\u00e7\u00f5es, diga: &#8220;Voc\u00ea reclama demais! Se voc\u00ea quer ver mudan\u00e7as, seja voc\u00ea, a mudan\u00e7a&#8221;. Por\u00e9m, como posso ser a mudan\u00e7a, se quando aponto erros, e procuro ter atitudes que incentivem a melhoria da igreja, sou repreendido ou tido como rebelde? E depois, o que falar daqueles que ainda s\u00e3o fracos ou novos na f\u00e9, que se perturbam com certos comportamentos question\u00e1veis no meio da comunidade? Iremos falar para os novos convertidos: &#8220;sejam voc\u00eas a igreja que voc\u00eas querem ver&#8221;?<\/p>\n\n\n\n<p class=\"has-medium-font-size\">\u00c9 bom sempre lembrar: eu sei que existe gente que s\u00f3 reclama por reclamar. Mas o que est\u00e1 sendo colocado aqui, n\u00e3o \u00e9 isso.<\/p>\n\n\n\n<p class=\"has-medium-font-size\">Mesmo que se fale que as igrejas s\u00e3o imperfeitas, me parece que h\u00e1 uma esp\u00e9cie de cobran\u00e7a, onde n\u00f3s, como fi\u00e9is de alguma denomina\u00e7\u00e3o, devemos seguir um padr\u00e3o de vida elevado e imposs\u00edvel de ser alcan\u00e7ado. Se fala de gra\u00e7a redentora, mas quando algu\u00e9m trope\u00e7a, isso parece n\u00e3o valer mais. Talvez, por causa desse tipo de igreja carrancuda, vieram existir aquelas que parecem permitir de tudo. Permitem tantas coisas, menos que se questione determinados comportamentos. Temos ent\u00e3o dois extremos: um completamente punitivo, e outro completamente permissivo. Basta uma s\u00f3 pessoa questionar esses extremos, que, de uma hora para outra, as igrejas se dizem imperfeitas, e algu\u00e9m diz: &#8220;seja a igreja que voc\u00ea quer ver, irm\u00e3o&#8221;. Isso quando n\u00e3o comparam as igrejas com UTIs. A\u00ed vai outra cr\u00edtica: uma UTI que nunca cura ningu\u00e9m, que s\u00f3 tem gente doente o tempo todo, acaba por deixar os poucos saud\u00e1veis doentes tamb\u00e9m.<\/p>\n\n\n\n<p class=\"has-medium-font-size\">Falar para uma pessoa ser a igreja que ele, ou ela, quer ser, \u00e9 lan\u00e7ar sobre o indiv\u00edduo uma responsabilidade que ningu\u00e9m tem como lidar. Como falei umas duas vezes aqui, acredito que igreja se d\u00e1 em comunidade, em grupo, em ajuntamento de gente. Sozinho \u2014 principalmente quando ningu\u00e9m te v\u00ea \u2014, voc\u00ea deve ser crist\u00e3o. Deve-se pensar, creio eu, que igreja \u00e9 um grupo de gente crist\u00e3. E \u00e9 nesse grupo que cada crist\u00e3o deve estar ligado e unido, suportando e estando sujeitos uns aos outros em amor, como uma fam\u00edlia de verdade deve ser. Isso me parece estar em conformidade com o que Jo\u00e3o diz: &#8220;Se, por\u00e9m, andarmos na luz, como Ele est\u00e1 na luz, temos comunh\u00e3o uns com os outros, e o sangue de Jesus, seu Filho, nos purifica de todo pecado&#8221; (1\u00aa Carta de Jo\u00e3o, cap\u00edtulo 1, vers\u00edculo 7).<\/p>\n\n\n\n<p class=\"has-medium-font-size\">Acho que n\u00e3o existe um &#8220;ser igreja&#8221;, mas sim um &#8220;sermos igreja&#8221;. As cr\u00edticas que fiz n\u00e3o s\u00e3o para serem apenas cr\u00edticas, mas s\u00e3o, acredito, coisas para serem pensadas e refletidas. Igreja n\u00e3o se faz com um s\u00f3, mas com grupo. &#8220;Pois onde se reunirem dois ou tr\u00eas em meu nome, ali eu estou no meio deles&#8221; (Evangelho de Mateus, cap\u00edtulo 18, vers\u00edculo 20). Tal reflex\u00e3o, nada doce, serve para pensarmos sobre o que significa a igreja; serve para refletirmos sobre nossas atitudes de uns para com os outros: se temos sido misericordiosos; amorosos; prudentes no falar e sens\u00edveis \u00e0 dor daqueles que est\u00e3o ao nosso lado, congregando junto conosco.<\/p>\n\n\n\n<p class=\"has-medium-font-size\">Que juntos, como crist\u00e3os, possamos buscar ser a igreja que Cristo deseja, sabendo que n\u00e3o ser\u00e1 tarefa f\u00e1cil, mas sempre lembrando que &#8220;Cristo, sempre pronto e perto, vai ajudar a quem realmente assumir, diante dele e de todos compromisso de seguir seus passos, fielmente at\u00e9 o fim&#8221; (<em>Tudo ou nada, de S\u00e9rgio Pimenta<\/em>).<\/p>\n","protected":false},"excerpt":{"rendered":"<p>&#8220;Eles se dedicavam ao ensino dos ap\u00f3stolos e \u00e0 comunh\u00e3o, ao partir do p\u00e3o e \u00e0s ora\u00e7\u00f5es. Todos estavam cheios de temor, e muitas maravilhas e sinais eram feitos pelos ap\u00f3stolos. Os que criam mantinham-se unidos e tinham tudo em comum. Vendendo suas propriedades e bens, distribu\u00edam a cada um conforme a sua necessidade. Todos [&hellip;]<\/p>\n","protected":false},"author":1,"featured_media":964,"parent":0,"menu_order":0,"comment_status":"closed","ping_status":"closed","template":"","meta":{"site-sidebar-layout":"default","site-content-layout":"","ast-site-content-layout":"default","site-content-style":"default","site-sidebar-style":"default","ast-global-header-display":"","ast-banner-title-visibility":"","ast-main-header-display":"","ast-hfb-above-header-display":"","ast-hfb-below-header-display":"","ast-hfb-mobile-header-display":"","site-post-title":"","ast-breadcrumbs-content":"","ast-featured-img":"","footer-sml-layout":"","ast-disable-related-posts":"","theme-transparent-header-meta":"","adv-header-id-meta":"","stick-header-meta":"","header-above-stick-meta":"","header-main-stick-meta":"","header-below-stick-meta":"","astra-migrate-meta-layouts":"default","ast-page-background-enabled":"default","ast-page-background-meta":{"desktop":{"background-color":"var(--ast-global-color-4)","background-image":"","background-repeat":"repeat","background-position":"center center","background-size":"auto","background-attachment":"scroll","background-type":"","background-media":"","overlay-type":"","overlay-color":"","overlay-opacity":"","overlay-gradient":""},"tablet":{"background-color":"","background-image":"","background-repeat":"repeat","background-position":"center center","background-size":"auto","background-attachment":"scroll","background-type":"","background-media":"","overlay-type":"","overlay-color":"","overlay-opacity":"","overlay-gradient":""},"mobile":{"background-color":"","background-image":"","background-repeat":"repeat","background-position":"center center","background-size":"auto","background-attachment":"scroll","background-type":"","background-media":"","overlay-type":"","overlay-color":"","overlay-opacity":"","overlay-gradient":""}},"ast-content-background-meta":{"desktop":{"background-color":"var(--ast-global-color-5)","background-image":"","background-repeat":"repeat","background-position":"center center","background-size":"auto","background-attachment":"scroll","background-type":"","background-media":"","overlay-type":"","overlay-color":"","overlay-opacity":"","overlay-gradient":""},"tablet":{"background-color":"var(--ast-global-color-5)","background-image":"","background-repeat":"repeat","background-position":"center center","background-size":"auto","background-attachment":"scroll","background-type":"","background-media":"","overlay-type":"","overlay-color":"","overlay-opacity":"","overlay-gradient":""},"mobile":{"background-color":"var(--ast-global-color-5)","background-image":"","background-repeat":"repeat","background-position":"center center","background-size":"auto","background-attachment":"scroll","background-type":"","background-media":"","overlay-type":"","overlay-color":"","overlay-opacity":"","overlay-gradient":""}},"footnotes":""},"class_list":["post-262","page","type-page","status-publish","has-post-thumbnail","hentry"],"_links":{"self":[{"href":"https:\/\/mensagensperdidas.com\/index.php\/wp-json\/wp\/v2\/pages\/262","targetHints":{"allow":["GET"]}}],"collection":[{"href":"https:\/\/mensagensperdidas.com\/index.php\/wp-json\/wp\/v2\/pages"}],"about":[{"href":"https:\/\/mensagensperdidas.com\/index.php\/wp-json\/wp\/v2\/types\/page"}],"author":[{"embeddable":true,"href":"https:\/\/mensagensperdidas.com\/index.php\/wp-json\/wp\/v2\/users\/1"}],"replies":[{"embeddable":true,"href":"https:\/\/mensagensperdidas.com\/index.php\/wp-json\/wp\/v2\/comments?post=262"}],"version-history":[{"count":5,"href":"https:\/\/mensagensperdidas.com\/index.php\/wp-json\/wp\/v2\/pages\/262\/revisions"}],"predecessor-version":[{"id":963,"href":"https:\/\/mensagensperdidas.com\/index.php\/wp-json\/wp\/v2\/pages\/262\/revisions\/963"}],"wp:featuredmedia":[{"embeddable":true,"href":"https:\/\/mensagensperdidas.com\/index.php\/wp-json\/wp\/v2\/media\/964"}],"wp:attachment":[{"href":"https:\/\/mensagensperdidas.com\/index.php\/wp-json\/wp\/v2\/media?parent=262"}],"curies":[{"name":"wp","href":"https:\/\/api.w.org\/{rel}","templated":true}]}}