{"id":265,"date":"2024-09-30T12:32:26","date_gmt":"2024-09-30T15:32:26","guid":{"rendered":"https:\/\/mensagensperdidas.com\/?page_id=265"},"modified":"2026-02-13T20:19:43","modified_gmt":"2026-02-13T23:19:43","slug":"6-dias-ruins","status":"publish","type":"page","link":"https:\/\/mensagensperdidas.com\/index.php\/6-dias-ruins\/","title":{"rendered":"6 &#8211; Dias Ruins"},"content":{"rendered":"\n<p class=\"has-medium-font-size\">Quando o dia est\u00e1 ruim tudo parece ser horr\u00edvel. \u00c9 como se Deus tivesse nos esquecido, ou como se uma for\u00e7a c\u00f3smica ficasse contra n\u00f3s. Por causa de um \u00fanico evento ruim, passamos a prestar excessiva aten\u00e7\u00e3o para as aleatoriedades desagrad\u00e1veis, e enxergamos nisso um sinal de p\u00e9ssimo azar individual. Um tr\u00e2nsito ruim, um homem fedorento que se senta ao seu lado, uma queda de luz e um simples trope\u00e7o&#8230; Tudo parece que acontece de prop\u00f3sito&#8230; Mas a verdade \u00e9 que essas coisas simplesmente acontecem.<\/p>\n\n\n\n<p class=\"has-medium-font-size\">Por causa de um evento ruim, tendemos a olhar para o dia com olhos pessimistas, e ignoramos as boas coisas que nos cercam. \u00c9 v\u00e1lido ficar aborrecido com as coisas chatas, a vida n\u00e3o \u00e9 um grande mar de flores, mas julgar o dia inteiro como ruim, como se todas as coisas desagrad\u00e1veis tivessem voc\u00ea como alvo, \u00e9 exagero.<\/p>\n\n\n\n<p class=\"has-medium-font-size\">O tr\u00e2nsito ruim afeta a outros; a pessoa fedorenta ir\u00e1 feder ao lado de outro tamb\u00e9m, e assim por diante.<\/p>\n\n\n\n<p class=\"has-medium-font-size\">As coisas ruins e as coisas boas est\u00e3o a\u00ed, para qualquer um, seja ele bom, seja ele mau. O neg\u00f3cio \u00e9 saber lidar com isso.<\/p>\n\n\n\n<p><\/p>\n","protected":false},"excerpt":{"rendered":"<p>Quando o dia est\u00e1 ruim tudo parece ser horr\u00edvel. \u00c9 como se Deus tivesse nos esquecido, ou como se uma for\u00e7a c\u00f3smica ficasse contra n\u00f3s. Por causa de um \u00fanico evento ruim, passamos a prestar excessiva aten\u00e7\u00e3o para as aleatoriedades desagrad\u00e1veis, e enxergamos nisso um sinal de p\u00e9ssimo azar individual. Um tr\u00e2nsito ruim, um homem [&hellip;]<\/p>\n","protected":false},"author":1,"featured_media":966,"parent":0,"menu_order":0,"comment_status":"closed","ping_status":"closed","template":"","meta":{"site-sidebar-layout":"default","site-content-layout":"","ast-site-content-layout":"default","site-content-style":"default","site-sidebar-style":"default","ast-global-header-display":"","ast-banner-title-visibility":"","ast-main-header-display":"","ast-hfb-above-header-display":"","ast-hfb-below-header-display":"","ast-hfb-mobile-header-display":"","site-post-title":"","ast-breadcrumbs-content":"","ast-featured-img":"","footer-sml-layout":"","ast-disable-related-posts":"","theme-transparent-header-meta":"","adv-header-id-meta":"","stick-header-meta":"","header-above-stick-meta":"","header-main-stick-meta":"","header-below-stick-meta":"","astra-migrate-meta-layouts":"default","ast-page-background-enabled":"default","ast-page-background-meta":{"desktop":{"background-color":"var(--ast-global-color-4)","background-image":"","background-repeat":"repeat","background-position":"center center","background-size":"auto","background-attachment":"scroll","background-type":"","background-media":"","overlay-type":"","overlay-color":"","overlay-opacity":"","overlay-gradient":""},"tablet":{"background-color":"","background-image":"","background-repeat":"repeat","background-position":"center center","background-size":"auto","background-attachment":"scroll","background-type":"","background-media":"","overlay-type":"","overlay-color":"","overlay-opacity":"","overlay-gradient":""},"mobile":{"background-color":"","background-image":"","background-repeat":"repeat","background-position":"center center","background-size":"auto","background-attachment":"scroll","background-type":"","background-media":"","overlay-type":"","overlay-color":"","overlay-opacity":"","overlay-gradient":""}},"ast-content-background-meta":{"desktop":{"background-color":"var(--ast-global-color-5)","background-image":"","background-repeat":"repeat","background-position":"center center","background-size":"auto","background-attachment":"scroll","background-type":"","background-media":"","overlay-type":"","overlay-color":"","overlay-opacity":"","overlay-gradient":""},"tablet":{"background-color":"var(--ast-global-color-5)","background-image":"","background-repeat":"repeat","background-position":"center center","background-size":"auto","background-attachment":"scroll","background-type":"","background-media":"","overlay-type":"","overlay-color":"","overlay-opacity":"","overlay-gradient":""},"mobile":{"background-color":"var(--ast-global-color-5)","background-image":"","background-repeat":"repeat","background-position":"center center","background-size":"auto","background-attachment":"scroll","background-type":"","background-media":"","overlay-type":"","overlay-color":"","overlay-opacity":"","overlay-gradient":""}},"footnotes":""},"class_list":["post-265","page","type-page","status-publish","has-post-thumbnail","hentry"],"_links":{"self":[{"href":"https:\/\/mensagensperdidas.com\/index.php\/wp-json\/wp\/v2\/pages\/265","targetHints":{"allow":["GET"]}}],"collection":[{"href":"https:\/\/mensagensperdidas.com\/index.php\/wp-json\/wp\/v2\/pages"}],"about":[{"href":"https:\/\/mensagensperdidas.com\/index.php\/wp-json\/wp\/v2\/types\/page"}],"author":[{"embeddable":true,"href":"https:\/\/mensagensperdidas.com\/index.php\/wp-json\/wp\/v2\/users\/1"}],"replies":[{"embeddable":true,"href":"https:\/\/mensagensperdidas.com\/index.php\/wp-json\/wp\/v2\/comments?post=265"}],"version-history":[{"count":4,"href":"https:\/\/mensagensperdidas.com\/index.php\/wp-json\/wp\/v2\/pages\/265\/revisions"}],"predecessor-version":[{"id":727,"href":"https:\/\/mensagensperdidas.com\/index.php\/wp-json\/wp\/v2\/pages\/265\/revisions\/727"}],"wp:featuredmedia":[{"embeddable":true,"href":"https:\/\/mensagensperdidas.com\/index.php\/wp-json\/wp\/v2\/media\/966"}],"wp:attachment":[{"href":"https:\/\/mensagensperdidas.com\/index.php\/wp-json\/wp\/v2\/media?parent=265"}],"curies":[{"name":"wp","href":"https:\/\/api.w.org\/{rel}","templated":true}]}}