{"id":496,"date":"2025-01-11T15:47:28","date_gmt":"2025-01-11T18:47:28","guid":{"rendered":"https:\/\/mensagensperdidas.com\/?page_id=496"},"modified":"2026-02-17T17:16:54","modified_gmt":"2026-02-17T20:16:54","slug":"o-homem-especial-2","status":"publish","type":"page","link":"https:\/\/mensagensperdidas.com\/index.php\/o-homem-especial-2\/","title":{"rendered":"O Homem Especial"},"content":{"rendered":"\n<p class=\"has-medium-font-size\">Filho de pais separados, divorciado, sem muitos amigos e endividado. Esse era Juarez Soares, um homem n\u00e3o muito favorecido pela vida ou pela sorte. Era uma pessoa comum, teimoso como uma pedra, e com mania de grandeza. Talvez Juarez fosse consciente de sua condi\u00e7\u00e3o miser\u00e1vel, ou talvez preferisse ignorar a realidade dos fatos. Ora, Juarez congregava numa igrejinha de porta de garagem, e l\u00e1 ficava \u00e0 vontade para falar tudo o que queria. As pessoas o ouviam e o homem se sentia bem e realizado; se sentia importante. No entanto, pelas suas costas os irm\u00e3os da igreja reclamavam com o pastor, dizendo que Juarez precisava de uma dose de realidade. Rom\u00e1rio Duarte Miguez, o pastor, os ouvia com paci\u00eancia e entendia cada reclama\u00e7\u00e3o. Por\u00e9m tinha pena de Juarez, e sempre dizia \u00e0s suas ovelhas: \u201c\u00e9 preciso paci\u00eancia, irm\u00e3os. \u00c9 preciso paci\u00eancia!\u201d. Mas isso mudou certo dia.<\/p>\n\n\n\n<p class=\"has-medium-font-size\">Juarez era uma pessoa bem inteligente e sempre tinha pretensos argumentos para tudo. Rom\u00e1rio via que o homem tinha potencial, por isso, por alguma raz\u00e3o do Desconhecido, o pastor achou que seria uma boa ideia deixar Juarez pregar todo segundo domingo do m\u00eas. E aqueles domingos eram os mais vazios. Os poucos ouvintes se seguravam nas cadeiras de pl\u00e1stico para n\u00e3o deixarem o pequeno templo de garagem. Talvez tivessem considera\u00e7\u00e3o por Rom\u00e1rio, j\u00e1 que era uma pessoa simp\u00e1tica e de boa energia. Ou talvez fossem gente realmente santa, j\u00e1 que Juarez falava muito, era prolixo, com um discurso extremamente cansativo, sem sentido e sem fim. Mas naquela noite de treze de mar\u00e7o, pastor Rom\u00e1rio teve que concordar que Juarez passou dos limites.<\/p>\n\n\n\n<p class=\"has-medium-font-size\">\u2014 Sabe, irm\u00e3os \u2014 dizia Juarez, tentando colocar alguma eloqu\u00eancia com sua voz grave \u2014, h\u00e1 muitas coisas na internet que devemos levar a s\u00e9rio. S\u00e3o avisos que outros mensageiros nos entregam pela rede. E um desses avisos \u00e9 de que <em>eles<\/em> est\u00e3o chegando. \u2014 Rom\u00e1rio levantou uma das sobrancelhas ao ouvir isso. \u2014 Sim, <em>eles<\/em> est\u00e3o vindo para c\u00e1. Acho que perdemos muito tempo sem dar aten\u00e7\u00e3o aos sinais que aparecem no c\u00e9u, dia ap\u00f3s dia! O mundo est\u00e1 um caos, e nos preocupamos com o <em>bolinho de anivers\u00e1rio da tia Maricota<\/em>! Muita gente s\u00e9ria, tanto irm\u00e3os de igreja, quanto gente do governo dos Estados Unidos, tem falado da chegada <em>deles<\/em>! E o que estamos&#8230; \u2014 nesse ponto Rom\u00e1rio se levantou e tocou no ombro de Juarez:<\/p>\n\n\n\n<p class=\"has-medium-font-size\">\u2014 Irm\u00e3o, queira se sentar, por favor.<\/p>\n\n\n\n<p class=\"has-medium-font-size\">\u2014 Mas eu preciso avisar da chegada <em>deles<\/em>! Ainda n\u00e3o terminei!<\/p>\n\n\n\n<p class=\"has-medium-font-size\">\u2014 Depois, caro irm\u00e3o Juarez. \u2014 Rom\u00e1rio deu um sorriso para encerrar aquele assunto, e prosseguiu para o t\u00e9rmino do culto. N\u00e3o \u00e9 preciso dizer que os irm\u00e3os da igreja ficaram de cochicho depois. Juarez se sentou numa das poltronas de madeira, com uma fisionomia de \u00f3dio que podia ser vista \u00e0 dist\u00e2ncia.<\/p>\n\n\n\n<p class=\"has-medium-font-size\">Ap\u00f3s Rom\u00e1rio se despedir do \u00faltimo irm\u00e3o, com uma sugestiva recomenda\u00e7\u00e3o de \u201cn\u00e3o fique pelos corredores comentando o que aconteceu hoje\u201d, chamou Juarez, que j\u00e1 veio falando:<\/p>\n\n\n\n<p class=\"has-medium-font-size\">\u2014 Acho uma vergonha isso, senhor pastor! Voc\u00ea deveria ter vergonha do que voc\u00ea fez comigo hoje! Eu n\u00e3o acei&#8230; \u2014 Rom\u00e1rio fez sinal para que Juarez se acalmasse. Ent\u00e3o respondeu, co\u00e7ando uma das sobrancelhas:<\/p>\n\n\n\n<p class=\"has-medium-font-size\">\u2014 Olha, Juarez, igreja n\u00e3o \u00e9 lugar para ficar se falando de teorias de conspira\u00e7\u00e3o. Ser\u00e1 que voc\u00ea n\u00e3o presta aten\u00e7\u00e3o nos outros cultos? \u00c9 t\u00e3o aplicado e inteligente, e vem falar umas coisas dessas aqui? \u201c<em>Eles est\u00e3o chegando\u201d<\/em>? Quem s\u00e3o \u201c<em>eles<\/em>\u201d?<\/p>\n\n\n\n<p class=\"has-medium-font-size\">\u2014 \u00c9 o povo das estrelas! Existem provas e mais provas de que estar\u00e3o aqui em breve, pastor. As pessoas precisam saber disso.<\/p>\n\n\n\n<p class=\"has-medium-font-size\">\u2014 Juarez! Isso \u00e9 bobagem de internet! Tem gente ganhando dinheiro com a sua audi\u00eancia, rapaz!<\/p>\n\n\n\n<p class=\"has-medium-font-size\">\u2014 Voc\u00eas s\u00e3o todos uns tapados! Alienados da verdade!<\/p>\n\n\n\n<p class=\"has-medium-font-size\">\u2014 Ai, ai&#8230; Irm\u00e3o Juarez, voc\u00ea j\u00e1 procurou aquela ajuda que te falei? A filha da dona Doralice \u00e9 psic\u00f3loga e pode te ajudar. \u2014 Juarez olhou com \u00f3dio para Rom\u00e1rio.<\/p>\n\n\n\n<p class=\"has-medium-font-size\">\u2014 \u00c9 assim mesmo! Eu sou sempre o maluco da vez! Dizem que igreja \u00e9 lugar de paz, mas s\u00f3 vejo gente alienada aqui! Passar bem, pastor!<\/p>\n\n\n\n<p class=\"has-medium-font-size\">\u2014 Ningu\u00e9m est\u00e1 te chamando de maluco, Juarez! Mas voc\u00ea carrega um fardo pesado demais. E falar essas coisas que voc\u00ea disse hoje&#8230; Me parece que voc\u00ea quer aten\u00e7\u00e3o&#8230; \u2014 Rom\u00e1rio acabou soltando esta \u00faltima frase sem querer. \u2014 Bem, \u00e9&#8230; eu n\u00e3o quis dizer isso&#8230; \u00e9&#8230;<\/p>\n\n\n\n<p class=\"has-medium-font-size\">\u2014 Voc\u00ea quis dizer sim, pastor. Pode admitir!<\/p>\n\n\n\n<p class=\"has-medium-font-size\">\u2014 Juarez, n\u00e3o foi por mal. Eu realmente me preocupo com voc\u00ea.<\/p>\n\n\n\n<p class=\"has-medium-font-size\">\u2014 Tudo bem, pastor! Tudo bem! Vou pra minha casa, que \u00e9 o melhor que posso fazer! Se preocupa mais comigo n\u00e3o!<\/p>\n\n\n\n<p class=\"has-medium-font-size\">Juarez saiu da igreja remoendo aquela conversa. Enquanto caminhava pela rua vazia e \u00famida, xingava o pastor e os membros da igreja em pensamento. Repetia, resmungando para si mesmo, \u201celes v\u00e3o ver&#8230; eles v\u00e3o ver\u201d. Chegou em casa batendo a porta, assustando os vizinhos. Depois se jogou no sof\u00e1 e acessou um v\u00eddeo, de tr\u00eas horas, que afirmava que anjos, na realidade, eram criaturas que pertenciam a uma armada espacial de uma tal de Alian\u00e7a Intergal\u00e1ctica. Assistiu aquilo at\u00e9 pegar no sono.<\/p>\n\n\n\n<p class=\"has-medium-font-size\">N\u00e3o dormiu bem e acordou com uma baita dor de cabe\u00e7a; era como se um caminh\u00e3o tivesse passado por cima dele. Enquanto bebia sua \u00e1gua na cozinha, refletiu sobre a vida e, num vislumbre de sanidade, perguntou-se o porqu\u00ea de estar triste. Pensou nisso por tr\u00eas minutos, e depois foi se arrumar para ir ao trabalho.<\/p>\n\n\n\n<p class=\"has-medium-font-size\">Aquela segunda-feira estava chuvosa e com nuvens escuras. Juarez n\u00e3o estranhou nada no clima, mas achou esquisito as ruas estarem vazias. A falta de tr\u00e2nsito em dia de aguaceiro o deixou com uma pulga atr\u00e1s da orelha. Ao subir em seu \u00f4nibus, que, diga-se de passagem, demorou bastante para chegar, perguntou ao motorista se o dia estava estranho. O motorista o olhou, bem no olho, e respondeu:<\/p>\n\n\n\n<p class=\"has-medium-font-size\">\u2014 Amigo, estranho seria se o dia estivesse normal!<\/p>\n\n\n\n<p class=\"has-medium-font-size\">Juarez ficou um instante olhando para o motorista, depois se sentou em um lugar no meio do \u00f4nibus, sem entender o que acabou de ouvir.<\/p>\n\n\n\n<p class=\"has-medium-font-size\">Chegou em tempo recorde no seu trabalho, que ficava bem no centro da cidade. Ao ver um ou outro comerciante abrindo suas lojas, se tranquilizou, e entendeu que o tempo estranho era apenas coisa de sua cabe\u00e7a. No entanto, a sensa\u00e7\u00e3o esquisita ainda permanecia.<\/p>\n\n\n\n<p class=\"has-medium-font-size\">Ao chegar no andar de seu escrit\u00f3rio, o encontrou completamente vazio. Nem os funcion\u00e1rios da limpeza tinham aparecido. De repente um trov\u00e3o soou l\u00e1 fora e um forte aguaceiro come\u00e7ou a cair. Juarez pensou que a chuva deveria estar castigando a cidade; isso explicaria o escrit\u00f3rio vazio. De qualquer modo, pegou seu celular para ver se algu\u00e9m tinha falado alguma coisa, mas acabou se surpreendendo com a quantidade de liga\u00e7\u00f5es perdidas e de mensagens n\u00e3o lidas. Decidiu ligar primeiro para sua ex-esposa, j\u00e1 que ela tinha mandado quase cinquenta mensagens seguidas.<\/p>\n\n\n\n<p class=\"has-medium-font-size\">\u2014 Oi Diana&#8230; O que vo&#8230;<\/p>\n\n\n\n<p class=\"has-medium-font-size\">\u2014 Olha, Juarez, sempre te chamei de louco, mas agora tenho que concordar! Voc\u00ea tava certo!<\/p>\n\n\n\n<p class=\"has-medium-font-size\">\u2014 Certo de que, mulher? O que voc\u00ea quer?<\/p>\n\n\n\n<p class=\"has-medium-font-size\">\u2014 <em>Eles <\/em>est\u00e3o aqui. Chegaram! \u00c9 s\u00f3 olhar para o c\u00e9u.<\/p>\n\n\n\n<p class=\"has-medium-font-size\">\u2014 Isso \u00e9 um trote? Se voc\u00ea tiver me dando um trote, voc\u00ea&#8230;<\/p>\n\n\n\n<p class=\"has-medium-font-size\">\u2014 Eu n\u00e3o quero brigar contigo! S\u00f3 olha pro c\u00e9u!<\/p>\n\n\n\n<p class=\"has-medium-font-size\">\u2014 T\u00e1 caindo uma chuva fort\u00edssima aqui. O que que tem no c\u00e9u?<\/p>\n\n\n\n<p class=\"has-medium-font-size\">\u2014 Ai&#8230; Ent\u00e3o liga a TV a\u00ed! Vai logo!<\/p>\n\n\n\n<p class=\"has-medium-font-size\">Juarez foi at\u00e9 a copa e ligou a televis\u00e3o. Todos os jornais mostravam que grandes discos pairavam sobre as principais capitais do mundo. O homem se sentou numa cadeira e ficou abismado com aquilo. Diana, que ainda estava do outro lado da linha, falou:<\/p>\n\n\n\n<p class=\"has-medium-font-size\">\u2014 Ligou? Est\u00e1 vendo? Voc\u00ea estava certo! Voc\u00ea e aqueles lun\u00e1ticos da internet! Al\u00f4? T\u00e1 a\u00ed ainda?<\/p>\n\n\n\n<p class=\"has-medium-font-size\">\u2014 Sim&#8230; Estou&#8230; Ai, Diana, isso da\u00ed t\u00e1 parecendo efeito de computador.<\/p>\n\n\n\n<p class=\"has-medium-font-size\">\u2014 Voc\u00ea&#8230; t\u00e1 brincando, n\u00e9? Tem um disco enorme, bem em cima da minha cidade. Eu nem sei como t\u00f4 calma agora!<\/p>\n\n\n\n<p class=\"has-medium-font-size\">\u2014 N\u00e3o, n\u00e3o&#8230; Isso \u00e9 montagem e voc\u00ea t\u00e1 de brincadeira comigo. Ali\u00e1s, todo mundo deve t\u00e1 brincando comigo. O escrit\u00f3rio t\u00e1 vazio, as ruas est\u00e3o vazias, e o motorista de meu \u00f4nibus era um cara bizarro. Isso \u00e9 uma pegadinha!<\/p>\n\n\n\n<p class=\"has-medium-font-size\">\u2014 Cara&#8230; n\u00e3o \u00e9 pegadinha! Tem disco-voadores por todo o mundo. S\u00e3o os alien\u00edgenas! Eles chegaram! Todos os jornais est\u00e3o passando isso. Pergunte para algu\u00e9m da\u00ed!<\/p>\n\n\n\n<p class=\"has-medium-font-size\">\u2014 Diana, pode parar com essa brincadeira de mau gosto!<\/p>\n\n\n\n<p class=\"has-medium-font-size\">\u2014 Mas \u00e9 verda&#8230; \u2014 A liga\u00e7\u00e3o encerrou no mesmo instante, e a TV ficou sem energia tamb\u00e9m. Juarez simplesmente deu de ombros e resmungou, acreditando que aquilo tudo n\u00e3o passava de uma pegadinha de mau gosto. Ficou ainda mais aborrecido por ver que nada no escrit\u00f3rio estava funcionando. Pensou que a chuva era a respons\u00e1vel por aquilo.<\/p>\n\n\n\n<p class=\"has-medium-font-size\">Desceu, de escada, onze andares, cheio de raiva e frustra\u00e7\u00e3o. Ao chegar no sagu\u00e3o principal, viu que estava lotado de gente amedrontada. Foi at\u00e9 ao M\u00e1rcio, um dos seguran\u00e7as do pr\u00e9dio.<\/p>\n\n\n\n<p class=\"has-medium-font-size\">\u2014 Que gente toda \u00e9 essa aqui? T\u00e3o aqui por causa da chuva?<\/p>\n\n\n\n<p class=\"has-medium-font-size\">\u2014 Est\u00e3o com medo dos Ets. Parece que desligaram a cidade toda. \u2014 Juarez, ao ouvir isso, simplesmente deu as costas para M\u00e1rcio, por\u00e9m, o seguran\u00e7a lhe falou: \u2014 Olha, seu Juarez, \u00e9 melhor ficar aqui dentro. Daqui a pouco os militares devem aparecer para nos orientar. Foi o que ouvi dizer.<\/p>\n\n\n\n<p class=\"has-medium-font-size\">\u2014 Sim, sim! Militares&#8230; Vou-me embora pra casa. Que vexame isso!<\/p>\n\n\n\n<p class=\"has-medium-font-size\">Juarez saiu empurrando todo mundo at\u00e9 chegar ao lado de fora. Como havia esquecido o seu guarda-chuva, enfrentou aquele aguaceiro at\u00e9 o seu ponto. No entanto, nenhum \u00f4nibus ou carro passava, e isso irritava ainda mais a Juarez. Ent\u00e3o pensou em pegar o metr\u00f4.<\/p>\n\n\n\n<p class=\"has-medium-font-size\">Enfrentou a chuva novamente e se assustou ao ver a esta\u00e7\u00e3o lotada de gente apavorada. Para Juarez aquela situa\u00e7\u00e3o estava come\u00e7ando a perder o controle. Cogitou que poderia realmente estar acontecendo alguma coisa, por isso perguntou a um dos seguran\u00e7as do metr\u00f4, se tinha alguma informa\u00e7\u00e3o.<\/p>\n\n\n\n<p class=\"has-medium-font-size\">\u2014 S\u00e3o os Ets, cara! \u00c9 a \u00fanica informa\u00e7\u00e3o que tenho.<\/p>\n\n\n\n<p class=\"has-medium-font-size\">\u2014 Se s\u00e3o eles, cad\u00ea eles?<\/p>\n\n\n\n<p class=\"has-medium-font-size\">\u2014 Est\u00e3o nas suas naves, ora. Mas essa chuva toda n\u00e3o deixa a gente ver, mas est\u00e3o acima de n\u00f3s!<\/p>\n\n\n\n<p class=\"has-medium-font-size\">\u2014 Isso da\u00ed deve ser a China que decidiu invadir todo mundo!<\/p>\n\n\n\n<p class=\"has-medium-font-size\">\u2014 Que China cara?! Isso da\u00ed \u00e9 Et mesmo!<\/p>\n\n\n\n<p class=\"has-medium-font-size\">\u2014 Voc\u00ea t\u00e1 ganhando quanto pra essa palha\u00e7ada?<\/p>\n\n\n\n<p class=\"has-medium-font-size\">\u2014 Cara, o que voc\u00ea t\u00e1 falando? \u2014 De repente todos ouviram um grande estrondo, e houve gritos e medo. Juarez era o \u00fanico indiferente.<\/p>\n\n\n\n<p class=\"has-medium-font-size\">\u2014 Quer saber, vou a p\u00e9 para casa.<\/p>\n\n\n\n<p class=\"has-medium-font-size\">\u2014 Mas n\u00e3o \u00e9 seguro!<\/p>\n\n\n\n<p class=\"has-medium-font-size\">Juarez ignorou o seguran\u00e7a e subiu para a superf\u00edcie novamente.<\/p>\n\n\n\n<p class=\"has-medium-font-size\">A chuva come\u00e7ou a diminuir e Juarez sentiu frio. Estava irritadi\u00e7o, com fome e encharcado, e aquele som grave, que vinha do c\u00e9u com mais frequ\u00eancia, o aborrecia ainda mais. No entanto, ele admitia que era bem esquisito ver as ruas vazias; era uma coisa rara que s\u00f3 se via em 1\u00ba de janeiro. Quando chegou na rua de sua casa, viu tr\u00eas silhuetas aparecerem na esquina. Havia algo de bizarro naquelas figuras, al\u00e9m de cabe\u00e7as aparentemente alongadas. Por\u00e9m, Juarez apenas bufou e resmungou para si mesmo: \u201cEra s\u00f3 o que me faltava&#8230; \u00c9 hoje que sou assaltado\u201d.<\/p>\n\n\n\n<p class=\"has-medium-font-size\">Juarez foi para o outro lado da cal\u00e7ada e apertou o passo. Os tr\u00eas estranhos, que pareciam flutuar, pararam e observaram o homem, que fechou ainda mais o semblante. Juarez ent\u00e3o falou:<\/p>\n\n\n\n<p class=\"has-medium-font-size\">\u2014 Olha, eu n\u00e3o tenho nada! Nada mesmo! Eu s\u00f3 quero chegar em casa e tomar um banho e dormir, al\u00e9m de comer alguma coisa. Se quiser assaltar, assalta pra l\u00e1! Aqui s\u00f3 tem trabalhador!<\/p>\n\n\n\n<p class=\"has-medium-font-size\">As figuras se entreolharam, e Juarez apagou no mesmo instante.<\/p>\n\n\n\n<p class=\"has-medium-font-size\">Juarez acordou em um lugar escuro, com uma leve luz branca que vinha do ch\u00e3o. Olhou ao seu redor e viu outras pessoas, ora apagadas, ora desesperadas. Ele realmente chegou a pensar que havia sido sequestrado por alien\u00edgenas, mas logo afastou a ideia. Aquilo tudo, para ele, n\u00e3o passava de brincadeira de sua ex-esposa com o pastor de sua ex-igreja. Olhou para todos os cantos procurando por c\u00e2meras escondidas, mas n\u00e3o achou nenhuma. Ent\u00e3o disse para todo mundo:<\/p>\n\n\n\n<p class=\"has-medium-font-size\">\u2014 Tudo bem! Acabou! Est\u00e3o felizes de me ridicularizarem? Ser\u00e1 que n\u00e3o era mais f\u00e1cil dizer que eu estava falando bobagem? Pra qu\u00ea isso?<\/p>\n\n\n\n<p class=\"has-medium-font-size\">As outras pessoas que estavam acordadas, olharam com d\u00favida para Juarez. Uma mulher, que chorava em sil\u00eancio, respondeu:<\/p>\n\n\n\n<p class=\"has-medium-font-size\">\u2014 Mo\u00e7o, os alien\u00edgenas nos capturaram. Est\u00e3o nos levando embora, e n\u00e3o sabemos pra qu\u00ea. Fomos invadidos!<\/p>\n\n\n\n<p class=\"has-medium-font-size\">Juarez olhou profundamente para a mo\u00e7a. Ele estava com raiva.<\/p>\n\n\n\n<p class=\"has-medium-font-size\">\u2014 Vem c\u00e1, mocinha! Pode parar de atuar. Eu j\u00e1 sei que isso \u00e9 uma pegadinha!<\/p>\n\n\n\n<p class=\"has-medium-font-size\">\u2014 Isso n\u00e3o \u00e9 uma pegadinha! Est\u00e1 na sua cara! Fomos capturados por Ets!<\/p>\n\n\n\n<p class=\"has-medium-font-size\">\u2014 Ah! Claro que sim! Fomos capturados pelos pleiadianos! Maravilha! Eu sei que eles est\u00e3o vindo pra c\u00e1! J\u00e1 est\u00e3o nos nossos governos h\u00e1 anos! Mas isso aqui n\u00e3o tem nada a ver com eles! Isso aqui \u00e9 obra do pastor da minha igreja com aquela mocr\u00e9ia da minha ex-esposa! \u2014 a mulher olhou com perplexidade para Juarez \u2014 Eu sempre falei que os alien\u00edgenas estavam vindo, mas sempre desdenharam de mim! E agora, esse \u00e9 o deboche final! Inventaram esse fuzu\u00ea todo s\u00f3 pra me fazer de palha\u00e7o! Esses trastes devem estar em alguma sala escondida, rindo da minha cara, dizendo: \u201colha l\u00e1 o ot\u00e1rio do Juarez! Olha os Ets dele a\u00ed!\u201d. Bando de salafr\u00e1rio!<\/p>\n\n\n\n<p class=\"has-medium-font-size\">\u2014 Eu&#8230; eu realmente n\u00e3o acredito que voc\u00ea acha isso&#8230; Olha l\u00e1 um Et! \u2014 A mulher apontou para uma criatura b\u00edpede, de cabe\u00e7a alongada e de pele azul. Os olhos do extraterrestre eram negros como petr\u00f3leo, e ele se movia medonhamente. \u2014 Como voc\u00ea pode achar que isso \u00e9 uma pegadinha?<\/p>\n\n\n\n<p class=\"has-medium-font-size\">\u2014 Maquiagem, minha filha! \u00c9 s\u00f3 ver! Ei! Voc\u00ea a\u00ed! Com essa maquiagem a\u00ed! Isso! \u00c9, voc\u00ea mesmo! Vem c\u00e1!<\/p>\n\n\n\n<p class=\"has-medium-font-size\">O Et n\u00e3o esbo\u00e7ava nenhuma express\u00e3o; seu rosto era frio e incomodativo. Por\u00e9m, Juarez era o \u00fanico que debochava daquilo.<\/p>\n\n\n\n<p class=\"has-medium-font-size\">\u2014 A\u00ed, voc\u00ea \u00e9 um ator, n\u00e3o \u00e9? \u2014 Perguntou Juarez, olhando diretamente naqueles olhos grandes e amendoados. \u2014 Pode sair do personagem! Pode falar!<\/p>\n\n\n\n<p class=\"has-medium-font-size\">De repente, a mo\u00e7a que discutia com Juarez, caiu de joelhos e, chorando, respondeu:<\/p>\n\n\n\n<p class=\"has-medium-font-size\">\u2014 Ele&#8230; ele quer entender por que voc\u00ea n\u00e3o o ouve.<\/p>\n\n\n\n<p class=\"has-medium-font-size\">\u2014 Como assim? Ele t\u00e1 de boca fechada! Como vou ouvir? E mocinha, para com isso&#8230; voc\u00ea t\u00e1 me assustando. Anda, levanta. Pode parar de fingir.<\/p>\n\n\n\n<p class=\"has-medium-font-size\">\u2014 Eu&#8230; eu n\u00e3o estou fingindo. Ele est\u00e1 na minha cabe\u00e7a&#8230; E quer saber por que voc\u00ea n\u00e3o o escuta. \u2014 A mo\u00e7a se virou para o Et, e falou \u2014 Olha, eu n\u00e3o sei disso&#8230; Nem conhe\u00e7o esse homem. Ele acha que isso tudo \u00e9 uma pegadinha&#8230; Pegadinha? Bem&#8230; \u00c9 tipo uma brincadeira que voc\u00ea faz com outra pessoa&#8230; \u00c9&#8230; \u00e9 para divers\u00e3o alheia. Estranho? N\u00e3o, at\u00e9 que \u00e9 divertido em certos casos. S\u00e9rio!<\/p>\n\n\n\n<p class=\"has-medium-font-size\">\u2014 Por favor, quero voltar para casa. Isso, pra mim, j\u00e1 deu! \u2014 Juarez se jogou num canto e ficou l\u00e1, esperando. O Et, por sua vez, o observou com real interesse.<\/p>\n\n\n\n<p class=\"has-medium-font-size\">O que aconteceu com Juarez a partir daquele dia, n\u00e3o se sabe. No entanto, de certo modo, ele \u00e9 visto como um her\u00f3i na Terra, pois os alien\u00edgenas, sem dar nenhum tipo de satisfa\u00e7\u00e3o, libertaram todos os capturados, e foram embora do sistema solar. Ficaram apenas com Juarez. A tal da mo\u00e7a, que serviu como canal de comunica\u00e7\u00e3o com o homem, escreveu um livro sobre \u201ca corajosa teimosia e loucura de Juarez\u201d, que insistia em n\u00e3o acreditar que estava em uma nave extraterrestre.<\/p>\n\n\n\n<p class=\"has-medium-font-size\">O que ser\u00e1 que aconteceu com Juarez era uma pergunta que ecoava nas mentes de todas as pessoas do mundo, principalmente de pastor Rom\u00e1rio. Por\u00e9m, a \u00fanica coisa que se sabe, com certeza, \u00e9 que a Terra nunca mais foi a mesma depois daquele acontecimento t\u00e3o assustador.<\/p>\n\n\n\n<p><a id=\"_msocom_1\"><\/a><\/p>\n","protected":false},"excerpt":{"rendered":"<p>Filho de pais separados, divorciado, sem muitos amigos e endividado. Esse era Juarez Soares, um homem n\u00e3o muito favorecido pela vida ou pela sorte. Era uma pessoa comum, teimoso como uma pedra, e com mania de grandeza. Talvez Juarez fosse consciente de sua condi\u00e7\u00e3o miser\u00e1vel, ou talvez preferisse ignorar a realidade dos fatos. Ora, Juarez [&hellip;]<\/p>\n","protected":false},"author":1,"featured_media":995,"parent":0,"menu_order":0,"comment_status":"closed","ping_status":"closed","template":"","meta":{"site-sidebar-layout":"default","site-content-layout":"","ast-site-content-layout":"default","site-content-style":"default","site-sidebar-style":"default","ast-global-header-display":"","ast-banner-title-visibility":"","ast-main-header-display":"","ast-hfb-above-header-display":"","ast-hfb-below-header-display":"","ast-hfb-mobile-header-display":"","site-post-title":"","ast-breadcrumbs-content":"","ast-featured-img":"","footer-sml-layout":"","ast-disable-related-posts":"","theme-transparent-header-meta":"","adv-header-id-meta":"","stick-header-meta":"","header-above-stick-meta":"","header-main-stick-meta":"","header-below-stick-meta":"","astra-migrate-meta-layouts":"default","ast-page-background-enabled":"default","ast-page-background-meta":{"desktop":{"background-color":"var(--ast-global-color-4)","background-image":"","background-repeat":"repeat","background-position":"center center","background-size":"auto","background-attachment":"scroll","background-type":"","background-media":"","overlay-type":"","overlay-color":"","overlay-opacity":"","overlay-gradient":""},"tablet":{"background-color":"","background-image":"","background-repeat":"repeat","background-position":"center center","background-size":"auto","background-attachment":"scroll","background-type":"","background-media":"","overlay-type":"","overlay-color":"","overlay-opacity":"","overlay-gradient":""},"mobile":{"background-color":"","background-image":"","background-repeat":"repeat","background-position":"center center","background-size":"auto","background-attachment":"scroll","background-type":"","background-media":"","overlay-type":"","overlay-color":"","overlay-opacity":"","overlay-gradient":""}},"ast-content-background-meta":{"desktop":{"background-color":"var(--ast-global-color-5)","background-image":"","background-repeat":"repeat","background-position":"center center","background-size":"auto","background-attachment":"scroll","background-type":"","background-media":"","overlay-type":"","overlay-color":"","overlay-opacity":"","overlay-gradient":""},"tablet":{"background-color":"var(--ast-global-color-5)","background-image":"","background-repeat":"repeat","background-position":"center center","background-size":"auto","background-attachment":"scroll","background-type":"","background-media":"","overlay-type":"","overlay-color":"","overlay-opacity":"","overlay-gradient":""},"mobile":{"background-color":"var(--ast-global-color-5)","background-image":"","background-repeat":"repeat","background-position":"center center","background-size":"auto","background-attachment":"scroll","background-type":"","background-media":"","overlay-type":"","overlay-color":"","overlay-opacity":"","overlay-gradient":""}},"footnotes":""},"class_list":["post-496","page","type-page","status-publish","has-post-thumbnail","hentry"],"_links":{"self":[{"href":"https:\/\/mensagensperdidas.com\/index.php\/wp-json\/wp\/v2\/pages\/496","targetHints":{"allow":["GET"]}}],"collection":[{"href":"https:\/\/mensagensperdidas.com\/index.php\/wp-json\/wp\/v2\/pages"}],"about":[{"href":"https:\/\/mensagensperdidas.com\/index.php\/wp-json\/wp\/v2\/types\/page"}],"author":[{"embeddable":true,"href":"https:\/\/mensagensperdidas.com\/index.php\/wp-json\/wp\/v2\/users\/1"}],"replies":[{"embeddable":true,"href":"https:\/\/mensagensperdidas.com\/index.php\/wp-json\/wp\/v2\/comments?post=496"}],"version-history":[{"count":30,"href":"https:\/\/mensagensperdidas.com\/index.php\/wp-json\/wp\/v2\/pages\/496\/revisions"}],"predecessor-version":[{"id":1046,"href":"https:\/\/mensagensperdidas.com\/index.php\/wp-json\/wp\/v2\/pages\/496\/revisions\/1046"}],"wp:featuredmedia":[{"embeddable":true,"href":"https:\/\/mensagensperdidas.com\/index.php\/wp-json\/wp\/v2\/media\/995"}],"wp:attachment":[{"href":"https:\/\/mensagensperdidas.com\/index.php\/wp-json\/wp\/v2\/media?parent=496"}],"curies":[{"name":"wp","href":"https:\/\/api.w.org\/{rel}","templated":true}]}}