{"id":707,"date":"2025-08-06T18:05:04","date_gmt":"2025-08-06T21:05:04","guid":{"rendered":"https:\/\/mensagensperdidas.com\/?page_id=707"},"modified":"2026-02-13T22:43:49","modified_gmt":"2026-02-14T01:43:49","slug":"11-uma-pequena-reflexao","status":"publish","type":"page","link":"https:\/\/mensagensperdidas.com\/index.php\/11-uma-pequena-reflexao\/","title":{"rendered":"11 &#8211; Uma Pequena Reflex\u00e3o"},"content":{"rendered":"\n<p class=\"has-medium-font-size\">Viajar pode enriquecer a alma. A possibilidade de conhecer novos lugares, pessoas e culturas \u00e9 algo inspirador, que faz o cora\u00e7\u00e3o bater mais forte a cada nova experi\u00eancia vivida. A vis\u00e3o de mundo do sujeito se amplia, e este percebe que o mundo \u00e9 bem maior do que imaginava. Talvez esse seja o sentimento daqueles que olham para al\u00e9m de si mesmos.<\/p>\n\n\n\n<p class=\"has-medium-font-size\">Pode ser que exista gente que busca por experi\u00eancias intensas em suas viagens, mas sem vivenciar experi\u00eancia alguma. A necessidade de mostrar para pessoas inc\u00f3gnitas o lugar do momento, a selfie do momento, mata qualquer possibilidade de viver onde se est\u00e1. Busca-se por intensidade, n\u00e3o para ter lembran\u00e7a ou mem\u00f3ria, mas apenas para publicar nas m\u00eddias sociais. A consequ\u00eancia disso pode ser vista na degrada\u00e7\u00e3o do meio ambiente local e no aborrecimento dos moradores do lugar.<\/p>\n\n\n\n<p class=\"has-medium-font-size\">N\u00e3o \u00e9 errado, ou conden\u00e1vel, tirar fotos e gravar v\u00eddeos durante uma viagem. \u00c9 bom ter essas coisas para relembrar dos dias passados. Por\u00e9m, \u00e9 problem\u00e1tico quando in\u00fameras pessoas enxergam tudo pelo filtro do smartphone e veem apenas a si mesmas. N\u00e3o h\u00e1 mais contempla\u00e7\u00e3o e vontade de conhecer e viver o momento. O que existe \u00e9 apenas a necessidade da experi\u00eancia fugaz para impressionar nas redes.<\/p>\n\n\n\n<p class=\"has-medium-font-size\">Acredito que tudo deva ser feito com equil\u00edbrio e consci\u00eancia; deve-se ter bom senso no uso das m\u00eddias sociais. No entanto, h\u00e1 certas coisas no nosso car\u00edssimo &#8220;espelho negro&#8221; que nos seduz para um narcisismo sem fim, onde a sensibilidade com o outro, e com a Natureza, se esvai.<\/p>\n\n\n\n<p class=\"has-medium-font-size\"><\/p>\n\n\n\n<p><\/p>\n","protected":false},"excerpt":{"rendered":"<p>Viajar pode enriquecer a alma. A possibilidade de conhecer novos lugares, pessoas e culturas \u00e9 algo inspirador, que faz o cora\u00e7\u00e3o bater mais forte a cada nova experi\u00eancia vivida. A vis\u00e3o de mundo do sujeito se amplia, e este percebe que o mundo \u00e9 bem maior do que imaginava. Talvez esse seja o sentimento daqueles [&hellip;]<\/p>\n","protected":false},"author":1,"featured_media":983,"parent":0,"menu_order":0,"comment_status":"closed","ping_status":"closed","template":"","meta":{"site-sidebar-layout":"default","site-content-layout":"","ast-site-content-layout":"default","site-content-style":"default","site-sidebar-style":"default","ast-global-header-display":"","ast-banner-title-visibility":"","ast-main-header-display":"","ast-hfb-above-header-display":"","ast-hfb-below-header-display":"","ast-hfb-mobile-header-display":"","site-post-title":"","ast-breadcrumbs-content":"","ast-featured-img":"","footer-sml-layout":"","ast-disable-related-posts":"","theme-transparent-header-meta":"","adv-header-id-meta":"","stick-header-meta":"","header-above-stick-meta":"","header-main-stick-meta":"","header-below-stick-meta":"","astra-migrate-meta-layouts":"default","ast-page-background-enabled":"default","ast-page-background-meta":{"desktop":{"background-color":"var(--ast-global-color-4)","background-image":"","background-repeat":"repeat","background-position":"center center","background-size":"auto","background-attachment":"scroll","background-type":"","background-media":"","overlay-type":"","overlay-color":"","overlay-opacity":"","overlay-gradient":""},"tablet":{"background-color":"","background-image":"","background-repeat":"repeat","background-position":"center center","background-size":"auto","background-attachment":"scroll","background-type":"","background-media":"","overlay-type":"","overlay-color":"","overlay-opacity":"","overlay-gradient":""},"mobile":{"background-color":"","background-image":"","background-repeat":"repeat","background-position":"center center","background-size":"auto","background-attachment":"scroll","background-type":"","background-media":"","overlay-type":"","overlay-color":"","overlay-opacity":"","overlay-gradient":""}},"ast-content-background-meta":{"desktop":{"background-color":"var(--ast-global-color-5)","background-image":"","background-repeat":"repeat","background-position":"center center","background-size":"auto","background-attachment":"scroll","background-type":"","background-media":"","overlay-type":"","overlay-color":"","overlay-opacity":"","overlay-gradient":""},"tablet":{"background-color":"var(--ast-global-color-5)","background-image":"","background-repeat":"repeat","background-position":"center center","background-size":"auto","background-attachment":"scroll","background-type":"","background-media":"","overlay-type":"","overlay-color":"","overlay-opacity":"","overlay-gradient":""},"mobile":{"background-color":"var(--ast-global-color-5)","background-image":"","background-repeat":"repeat","background-position":"center center","background-size":"auto","background-attachment":"scroll","background-type":"","background-media":"","overlay-type":"","overlay-color":"","overlay-opacity":"","overlay-gradient":""}},"footnotes":""},"class_list":["post-707","page","type-page","status-publish","has-post-thumbnail","hentry"],"_links":{"self":[{"href":"https:\/\/mensagensperdidas.com\/index.php\/wp-json\/wp\/v2\/pages\/707","targetHints":{"allow":["GET"]}}],"collection":[{"href":"https:\/\/mensagensperdidas.com\/index.php\/wp-json\/wp\/v2\/pages"}],"about":[{"href":"https:\/\/mensagensperdidas.com\/index.php\/wp-json\/wp\/v2\/types\/page"}],"author":[{"embeddable":true,"href":"https:\/\/mensagensperdidas.com\/index.php\/wp-json\/wp\/v2\/users\/1"}],"replies":[{"embeddable":true,"href":"https:\/\/mensagensperdidas.com\/index.php\/wp-json\/wp\/v2\/comments?post=707"}],"version-history":[{"count":15,"href":"https:\/\/mensagensperdidas.com\/index.php\/wp-json\/wp\/v2\/pages\/707\/revisions"}],"predecessor-version":[{"id":980,"href":"https:\/\/mensagensperdidas.com\/index.php\/wp-json\/wp\/v2\/pages\/707\/revisions\/980"}],"wp:featuredmedia":[{"embeddable":true,"href":"https:\/\/mensagensperdidas.com\/index.php\/wp-json\/wp\/v2\/media\/983"}],"wp:attachment":[{"href":"https:\/\/mensagensperdidas.com\/index.php\/wp-json\/wp\/v2\/media?parent=707"}],"curies":[{"name":"wp","href":"https:\/\/api.w.org\/{rel}","templated":true}]}}