{"id":881,"date":"2026-01-02T22:51:51","date_gmt":"2026-01-03T01:51:51","guid":{"rendered":"https:\/\/mensagensperdidas.com\/?page_id=881"},"modified":"2026-02-13T23:18:50","modified_gmt":"2026-02-14T02:18:50","slug":"12-a-diversidade-das-coisas","status":"publish","type":"page","link":"https:\/\/mensagensperdidas.com\/index.php\/12-a-diversidade-das-coisas\/","title":{"rendered":"12 &#8211; A Diversidade das Coisas"},"content":{"rendered":"\n<p class=\"has-medium-font-size\">Talvez n\u00e3o tenhamos no\u00e7\u00e3o real da diversidade do mundo. Se temos, evitamos pensar nisso. Como entender e compreender que muitas coisas n\u00e3o funcionam da forma como aprendemos a acreditar? \u00c9 mais f\u00e1cil se fechar em nossas pr\u00f3prias ideias e cren\u00e7as e olhar para o outro com desconfian\u00e7a ou como <em>coisa ex\u00f3tica<\/em>.<\/p>\n\n\n\n<p class=\"has-medium-font-size\">Ver e ouvir para compreender e refletir deveriam ser atitudes b\u00e1sicas da nossa exist\u00eancia. Impor certezas sem considerar o outro como semelhante me parece errado. Mesmo em uma pequena cidade h\u00e1 uma multiplicidade de pessoas e pensamentos; cada um com suas particularidades \u00fanicas. No entanto, o modo de vida em que estamos inseridos nos for\u00e7a a uma esp\u00e9cie de uniformiza\u00e7\u00e3o fria e morta. Nos for\u00e7a a uma monocromia sem gra\u00e7a e a um minimalismo f\u00fatil. Nos leva a pobreza de pensamento.<\/p>\n\n\n\n<p class=\"has-medium-font-size\">Os sujeitos das diversas culturas n\u00e3o s\u00e3o, e nem deveriam ser, objetos industrializados, moldados de acordo com um pensamento massificador; moldados para serem consumidos e para consumir. Quando tudo se torna produto, o tudo se esvazia; perde sentido e verdade. A originalidade se perde no mercado, e a apatia e a futilidade crescem. O ideal do lucro acima de tudo aprisiona o gosto, descolore as cores e traz monotonia aos sons. Uniformiza o pensamento e a vis\u00e3o de todos, tornando incomum a naturalidade das diferen\u00e7as saud\u00e1veis.<\/p>\n\n\n\n<p class=\"has-medium-font-size\">Contemplar e aceitar a beleza de Deus na multiplicidade dos povos, na riqueza da diversidade de tudo, \u00e9 abrir m\u00e3o de nossas pr\u00f3prias certezas. \u00c9 admitir que n\u00e3o sabemos tudo. \u00c9 rejeitar o pensamento uniformizador do mercado, que enxerga qualquer coisa, seja material ou n\u00e3o, como produto. \u00c9 se perceber como sujeito que est\u00e1 aqui para descobrir e aprender, tendo a coragem de lidar com aquilo que desconhece.<\/p>\n\n\n\n<p class=\"has-medium-font-size\"><\/p>\n","protected":false},"excerpt":{"rendered":"<p>Talvez n\u00e3o tenhamos no\u00e7\u00e3o real da diversidade do mundo. Se temos, evitamos pensar nisso. Como entender e compreender que muitas coisas n\u00e3o funcionam da forma como aprendemos a acreditar? \u00c9 mais f\u00e1cil se fechar em nossas pr\u00f3prias ideias e cren\u00e7as e olhar para o outro com desconfian\u00e7a ou como coisa ex\u00f3tica. Ver e ouvir para [&hellip;]<\/p>\n","protected":false},"author":1,"featured_media":985,"parent":0,"menu_order":0,"comment_status":"closed","ping_status":"closed","template":"","meta":{"site-sidebar-layout":"default","site-content-layout":"","ast-site-content-layout":"default","site-content-style":"default","site-sidebar-style":"default","ast-global-header-display":"","ast-banner-title-visibility":"","ast-main-header-display":"","ast-hfb-above-header-display":"","ast-hfb-below-header-display":"","ast-hfb-mobile-header-display":"","site-post-title":"","ast-breadcrumbs-content":"","ast-featured-img":"","footer-sml-layout":"","ast-disable-related-posts":"","theme-transparent-header-meta":"","adv-header-id-meta":"","stick-header-meta":"","header-above-stick-meta":"","header-main-stick-meta":"","header-below-stick-meta":"","astra-migrate-meta-layouts":"default","ast-page-background-enabled":"default","ast-page-background-meta":{"desktop":{"background-color":"var(--ast-global-color-4)","background-image":"","background-repeat":"repeat","background-position":"center center","background-size":"auto","background-attachment":"scroll","background-type":"","background-media":"","overlay-type":"","overlay-color":"","overlay-opacity":"","overlay-gradient":""},"tablet":{"background-color":"","background-image":"","background-repeat":"repeat","background-position":"center center","background-size":"auto","background-attachment":"scroll","background-type":"","background-media":"","overlay-type":"","overlay-color":"","overlay-opacity":"","overlay-gradient":""},"mobile":{"background-color":"","background-image":"","background-repeat":"repeat","background-position":"center center","background-size":"auto","background-attachment":"scroll","background-type":"","background-media":"","overlay-type":"","overlay-color":"","overlay-opacity":"","overlay-gradient":""}},"ast-content-background-meta":{"desktop":{"background-color":"var(--ast-global-color-5)","background-image":"","background-repeat":"repeat","background-position":"center center","background-size":"auto","background-attachment":"scroll","background-type":"","background-media":"","overlay-type":"","overlay-color":"","overlay-opacity":"","overlay-gradient":""},"tablet":{"background-color":"var(--ast-global-color-5)","background-image":"","background-repeat":"repeat","background-position":"center center","background-size":"auto","background-attachment":"scroll","background-type":"","background-media":"","overlay-type":"","overlay-color":"","overlay-opacity":"","overlay-gradient":""},"mobile":{"background-color":"var(--ast-global-color-5)","background-image":"","background-repeat":"repeat","background-position":"center center","background-size":"auto","background-attachment":"scroll","background-type":"","background-media":"","overlay-type":"","overlay-color":"","overlay-opacity":"","overlay-gradient":""}},"footnotes":""},"class_list":["post-881","page","type-page","status-publish","has-post-thumbnail","hentry"],"_links":{"self":[{"href":"https:\/\/mensagensperdidas.com\/index.php\/wp-json\/wp\/v2\/pages\/881","targetHints":{"allow":["GET"]}}],"collection":[{"href":"https:\/\/mensagensperdidas.com\/index.php\/wp-json\/wp\/v2\/pages"}],"about":[{"href":"https:\/\/mensagensperdidas.com\/index.php\/wp-json\/wp\/v2\/types\/page"}],"author":[{"embeddable":true,"href":"https:\/\/mensagensperdidas.com\/index.php\/wp-json\/wp\/v2\/users\/1"}],"replies":[{"embeddable":true,"href":"https:\/\/mensagensperdidas.com\/index.php\/wp-json\/wp\/v2\/comments?post=881"}],"version-history":[{"count":8,"href":"https:\/\/mensagensperdidas.com\/index.php\/wp-json\/wp\/v2\/pages\/881\/revisions"}],"predecessor-version":[{"id":890,"href":"https:\/\/mensagensperdidas.com\/index.php\/wp-json\/wp\/v2\/pages\/881\/revisions\/890"}],"wp:featuredmedia":[{"embeddable":true,"href":"https:\/\/mensagensperdidas.com\/index.php\/wp-json\/wp\/v2\/media\/985"}],"wp:attachment":[{"href":"https:\/\/mensagensperdidas.com\/index.php\/wp-json\/wp\/v2\/media?parent=881"}],"curies":[{"name":"wp","href":"https:\/\/api.w.org\/{rel}","templated":true}]}}