{"id":905,"date":"2026-02-05T22:47:14","date_gmt":"2026-02-06T01:47:14","guid":{"rendered":"https:\/\/mensagensperdidas.com\/?page_id=905"},"modified":"2026-02-17T16:47:03","modified_gmt":"2026-02-17T19:47:03","slug":"13-equilibrio-e-bom-senso","status":"publish","type":"page","link":"https:\/\/mensagensperdidas.com\/index.php\/13-equilibrio-e-bom-senso\/","title":{"rendered":"13 &#8211; Equil\u00edbrio e Bom Senso"},"content":{"rendered":"\n<blockquote class=\"wp-block-quote is-layout-flow wp-block-quote-is-layout-flow\">\n<p class=\"has-medium-font-size\">&#8220;[&#8230;] O conhecimento traz orgulho, mas o amor edifica. Quem pensa conhecer alguma coisa, ainda n\u00e3o conhece como deveria. Mas quem ama a Deus, este \u00e9 conhecido por Deus&#8221; (1\u00aa Cor\u00edntios, 8. 1-2).<\/p>\n\n\n\n<p class=\"has-medium-font-size\">&#8220;Aquele que come de tudo n\u00e3o deve desprezar o que n\u00e3o come, e aquele que n\u00e3o come de tudo n\u00e3o deve condenar aquele que come, pois Deus o aceitou&#8221; (Romanos, 14. 3).<\/p>\n\n\n\n<p class=\"has-medium-font-size\">&#8220;N\u00e3o seja s\u00e1bio aos seus pr\u00f3prios olhos; tema o SENHOR e evite o mal&#8221; (Prov\u00e9rbios, 3. 7).<\/p>\n<\/blockquote>\n\n\n\n<p class=\"has-medium-font-size\">Que coisa feia \u00e9 o comportamento de alguns crentes na internet! Quando todos querem ter raz\u00e3o, a paz foge pela janela e ningu\u00e9m mais se entende. O ap\u00f3stolo Paulo j\u00e1 dizia o seguinte: &#8220;Irm\u00e3os, em nome de nosso Senhor Jesus Cristo suplico a todos voc\u00eas que concordem uns com os outros no que falam, para que n\u00e3o haja divis\u00f5es entre voc\u00eas; antes, que todos estejam unidos num s\u00f3 pensamento e num s\u00f3 parecer&#8221; (1\u00aa Cor\u00edntios, 1. 10).<\/p>\n\n\n\n<p class=\"has-medium-font-size\">Acho que n\u00e3o preciso entrar no m\u00e9rito da m\u00fasica problem\u00e1tica da primeira semana de fevereiro de 2026. Muita explica\u00e7\u00e3o e muita confus\u00e3o. No entanto, \u00e9 necess\u00e1rio colocar que alguns dos defensores da tal m\u00fasica, agem, aparentemente, com certa arrog\u00e2ncia ao sugerir que alguns evang\u00e9licos s\u00e3o iletrados, ou que s\u00e3o, simplesmente, racistas e preconceituosos com rela\u00e7\u00e3o \u00e0 cultura brasileira, preferindo m\u00fasicas anglo-sax\u00e3s. Falta pouco para algu\u00e9m soltar: &#8220;<em>Pobre crente burro e colonizado\u2026 <\/em>&#8220;.<\/p>\n\n\n\n<p class=\"has-medium-font-size\">N\u00e3o \u00e9 surpresa que existe gente racista e preconceituosa aos montes no meio evang\u00e9lico, mas o fato de muitos terem se incomodado com a tal da m\u00fasica n\u00e3o torna todos eleg\u00edveis para tais pecados. Deve-se ter prud\u00eancia e cuidado na hora de argumentar na defesa daquilo que se gosta.<\/p>\n\n\n\n<p class=\"has-medium-font-size\">De igual modo, quem achou a m\u00fasica problem\u00e1tica n\u00e3o deve sair por a\u00ed condenando seus autores e quem curte tal trabalho. Tanto os autores, quanto o povo que gostou da m\u00fasica, j\u00e1 explicaram e expuseram o tema e a interpreta\u00e7\u00e3o da obra. Ta a\u00ed para quem quiser ler ou ouvir. Devemos lembrar que o evangelho permite pluralidade de manifesta\u00e7\u00f5es culturais, pois Cristo deu a Salva\u00e7\u00e3o para todos, sem distin\u00e7\u00e3o de cor, g\u00eanero, classe ou povo.<\/p>\n\n\n\n<p class=\"has-medium-font-size\">Por\u00e9m, fa\u00e7o uma cr\u00edtica, n\u00e3o a letra ou ao estilo da m\u00fasica, mas sim, sobre a falta de cuidado. Aparentemente houve uma extrapola\u00e7\u00e3o de limites ao n\u00e3o considerar a possibilidade de que muitos irm\u00e3os e irm\u00e3s n\u00e3o compreenderiam a letra. &#8220;Se o seu irm\u00e3o se entristece devido ao que voc\u00ea come, voc\u00ea j\u00e1 n\u00e3o est\u00e1 agindo por amor. Por causa da sua comida, n\u00e3o destrua seu irm\u00e3o, por quem Cristo morreu. Aquilo que \u00e9 bom para voc\u00eas n\u00e3o se torne objeto de maledic\u00eancia&#8221; (Romanos, 14. 15-16). De mesma forma, para aqueles que, porventura, julgam os autores e as pessoas que gostam da m\u00fasica: &#8220;Quem \u00e9 voc\u00ea para julgar o servo alheio? \u00c9 para seu senhor que ele est\u00e1 em p\u00e9 ou cai. E ficar\u00e1 em p\u00e9, pois o Senhor \u00e9 capaz de o sustentar&#8221; (Romanos, 14. 4).<\/p>\n\n\n\n<p class=\"has-medium-font-size\">Devemos ter em mente que nenhum de n\u00f3s, crist\u00e3os, vivemos para n\u00f3s mesmos &#8220;[&#8230;] quer vivamos, quer morramos, pertencemos ao Senhor. Por esta raz\u00e3o Cristo morreu e voltou a viver, para ser Senhor de vivos e de mortos. Portanto, voc\u00ea, por que julga seu irm\u00e3o? E por que despreza seu irm\u00e3o? Pois todos compareceremos diante do tribunal de Deus. [&#8230;] cada um de n\u00f3s prestar\u00e1 contas de si mesmo a Deus&#8221; (Romanos, 14. 8-12).<\/p>\n\n\n\n<p class=\"has-medium-font-size\">Que possamos viver em paz uns com os outros, sem discuss\u00f5es tolas que n\u00e3o levam a lugar nenhum. Que nossa liberdade n\u00e3o seja pedra de trope\u00e7o para ningu\u00e9m, e que a paz de Cristo seja o nosso juiz em nossos cora\u00e7\u00f5es.<\/p>\n","protected":false},"excerpt":{"rendered":"<p>&#8220;[&#8230;] O conhecimento traz orgulho, mas o amor edifica. Quem pensa conhecer alguma coisa, ainda n\u00e3o conhece como deveria. Mas quem ama a Deus, este \u00e9 conhecido por Deus&#8221; (1\u00aa Cor\u00edntios, 8. 1-2). &#8220;Aquele que come de tudo n\u00e3o deve desprezar o que n\u00e3o come, e aquele que n\u00e3o come de tudo n\u00e3o deve condenar [&hellip;]<\/p>\n","protected":false},"author":1,"featured_media":987,"parent":0,"menu_order":0,"comment_status":"closed","ping_status":"closed","template":"","meta":{"site-sidebar-layout":"default","site-content-layout":"","ast-site-content-layout":"default","site-content-style":"default","site-sidebar-style":"default","ast-global-header-display":"","ast-banner-title-visibility":"","ast-main-header-display":"","ast-hfb-above-header-display":"","ast-hfb-below-header-display":"","ast-hfb-mobile-header-display":"","site-post-title":"","ast-breadcrumbs-content":"","ast-featured-img":"","footer-sml-layout":"","ast-disable-related-posts":"","theme-transparent-header-meta":"","adv-header-id-meta":"","stick-header-meta":"","header-above-stick-meta":"","header-main-stick-meta":"","header-below-stick-meta":"","astra-migrate-meta-layouts":"default","ast-page-background-enabled":"default","ast-page-background-meta":{"desktop":{"background-color":"var(--ast-global-color-4)","background-image":"","background-repeat":"repeat","background-position":"center center","background-size":"auto","background-attachment":"scroll","background-type":"","background-media":"","overlay-type":"","overlay-color":"","overlay-opacity":"","overlay-gradient":""},"tablet":{"background-color":"","background-image":"","background-repeat":"repeat","background-position":"center center","background-size":"auto","background-attachment":"scroll","background-type":"","background-media":"","overlay-type":"","overlay-color":"","overlay-opacity":"","overlay-gradient":""},"mobile":{"background-color":"","background-image":"","background-repeat":"repeat","background-position":"center center","background-size":"auto","background-attachment":"scroll","background-type":"","background-media":"","overlay-type":"","overlay-color":"","overlay-opacity":"","overlay-gradient":""}},"ast-content-background-meta":{"desktop":{"background-color":"var(--ast-global-color-5)","background-image":"","background-repeat":"repeat","background-position":"center center","background-size":"auto","background-attachment":"scroll","background-type":"","background-media":"","overlay-type":"","overlay-color":"","overlay-opacity":"","overlay-gradient":""},"tablet":{"background-color":"var(--ast-global-color-5)","background-image":"","background-repeat":"repeat","background-position":"center center","background-size":"auto","background-attachment":"scroll","background-type":"","background-media":"","overlay-type":"","overlay-color":"","overlay-opacity":"","overlay-gradient":""},"mobile":{"background-color":"var(--ast-global-color-5)","background-image":"","background-repeat":"repeat","background-position":"center center","background-size":"auto","background-attachment":"scroll","background-type":"","background-media":"","overlay-type":"","overlay-color":"","overlay-opacity":"","overlay-gradient":""}},"footnotes":""},"class_list":["post-905","page","type-page","status-publish","has-post-thumbnail","hentry"],"_links":{"self":[{"href":"https:\/\/mensagensperdidas.com\/index.php\/wp-json\/wp\/v2\/pages\/905","targetHints":{"allow":["GET"]}}],"collection":[{"href":"https:\/\/mensagensperdidas.com\/index.php\/wp-json\/wp\/v2\/pages"}],"about":[{"href":"https:\/\/mensagensperdidas.com\/index.php\/wp-json\/wp\/v2\/types\/page"}],"author":[{"embeddable":true,"href":"https:\/\/mensagensperdidas.com\/index.php\/wp-json\/wp\/v2\/users\/1"}],"replies":[{"embeddable":true,"href":"https:\/\/mensagensperdidas.com\/index.php\/wp-json\/wp\/v2\/comments?post=905"}],"version-history":[{"count":12,"href":"https:\/\/mensagensperdidas.com\/index.php\/wp-json\/wp\/v2\/pages\/905\/revisions"}],"predecessor-version":[{"id":1039,"href":"https:\/\/mensagensperdidas.com\/index.php\/wp-json\/wp\/v2\/pages\/905\/revisions\/1039"}],"wp:featuredmedia":[{"embeddable":true,"href":"https:\/\/mensagensperdidas.com\/index.php\/wp-json\/wp\/v2\/media\/987"}],"wp:attachment":[{"href":"https:\/\/mensagensperdidas.com\/index.php\/wp-json\/wp\/v2\/media?parent=905"}],"curies":[{"name":"wp","href":"https:\/\/api.w.org\/{rel}","templated":true}]}}